{"id":736,"date":"2025-04-16T15:43:24","date_gmt":"2025-04-16T13:43:24","guid":{"rendered":"https:\/\/bajakartya.hu\/?page_id=736"},"modified":"2025-07-11T14:52:57","modified_gmt":"2025-07-11T12:52:57","slug":"kapcsolat","status":"publish","type":"page","link":"https:\/\/bajakartya.hu\/sr\/kapcsolat\/","title":{"rendered":"\u041a\u043e\u043d\u0442\u0430\u043a\u0442"},"content":{"rendered":"<div data-elementor-type=\"wp-page\" data-elementor-id=\"736\" class=\"elementor elementor-736\" data-elementor-post-type=\"page\">\n\t\t\t\t<div class=\"elementor-element elementor-element-6a8bd6d e-flex e-con-boxed e-con e-parent\" data-id=\"6a8bd6d\" data-element_type=\"container\" data-settings=\"{&quot;background_background&quot;:&quot;gradient&quot;}\">\n\t\t\t\t\t<div class=\"e-con-inner\">\n\t\t<div class=\"elementor-element elementor-element-91c4942 e-con-full e-flex e-con e-child\" data-id=\"91c4942\" data-element_type=\"container\">\n\t\t\t\t<div class=\"elementor-element elementor-element-75d8a55 elementor-widget elementor-widget-heading\" data-id=\"75d8a55\" data-element_type=\"widget\" data-widget_type=\"heading.default\">\n\t\t\t\t<div class=\"elementor-widget-container\">\n\t\t\t\t\t<h2 class=\"elementor-heading-title elementor-size-default\">\u0422\u0443\u0440\u0438\u0441\u0442\u0438\u0447\u043a\u0430 \u0430\u0433\u0435\u043d\u0446\u0438\u0458\u0430 \u0411\u0430\u0445\u0430<\/h2>\t\t\t\t<\/div>\n\t\t\t\t<\/div>\n\t\t\t\t<div class=\"elementor-element elementor-element-f14caea elementor-widget elementor-widget-heading\" data-id=\"f14caea\" data-element_type=\"widget\" data-widget_type=\"heading.default\">\n\t\t\t\t<div class=\"elementor-widget-container\">\n\t\t\t\t\t<p class=\"elementor-heading-title elementor-size-default\">\u0422\u0443\u0440\u0438\u0441\u0442\u0438\u0447\u043a\u043e \u0443\u0434\u0440\u0443\u0436\u0435\u045a\u0435 \u0411\u0430\u0458\u0435.<\/p>\t\t\t\t<\/div>\n\t\t\t\t<\/div>\n\t\t\t\t<div class=\"elementor-element elementor-element-75f89db elementor-widget elementor-widget-heading\" data-id=\"75f89db\" data-element_type=\"widget\" data-widget_type=\"heading.default\">\n\t\t\t\t<div class=\"elementor-widget-container\">\n\t\t\t\t\t<p class=\"elementor-heading-title elementor-size-default\">\u0414\u041e\u0421\u0422\u0423\u041f\u041d\u041e\u0421\u0422<\/p>\t\t\t\t<\/div>\n\t\t\t\t<\/div>\n\t\t\t\t<div class=\"elementor-element elementor-element-35fceba elementor-widget elementor-widget-heading\" data-id=\"35fceba\" data-element_type=\"widget\" data-widget_type=\"heading.default\">\n\t\t\t\t<div class=\"elementor-widget-container\">\n\t\t\t\t\t<p class=\"elementor-heading-title elementor-size-default\">\u041a\u0430\u043d\u0446\u0435\u043b\u0430\u0440\u0438\u0458\u0430 \u0422\u0443\u0440\u0438\u043d\u0444\u043e\u0440\u043c\u0430<\/p>\t\t\t\t<\/div>\n\t\t\t\t<\/div>\n\t\t\t\t<div class=\"elementor-element elementor-element-39b28ef elementor-icon-list--layout-traditional elementor-list-item-link-full_width elementor-widget elementor-widget-icon-list\" data-id=\"39b28ef\" data-element_type=\"widget\" data-widget_type=\"icon-list.default\">\n\t\t\t\t<div class=\"elementor-widget-container\">\n\t\t\t\t\t\t\t<ul class=\"elementor-icon-list-items\">\n\t\t\t\t\t\t\t<li class=\"elementor-icon-list-item\">\n\t\t\t\t\t\t\t\t\t\t\t<span class=\"elementor-icon-list-icon\">\n\t\t\t\t\t\t\t<svg xmlns=\"http:\/\/www.w3.org\/2000\/svg\" width=\"16\" height=\"16\" viewbox=\"0 0 16 16\" fill=\"none\"><path d=\"M8 1.33325L2 5.99992V13.3333C2 13.6869 2.14048 14.026 2.39052 14.2761C2.64057 14.5261 2.97971 14.6666 3.33333 14.6666H12.6667C13.0203 14.6666 13.3594 14.5261 13.6095 14.2761C13.8595 14.026 14 13.6869 14 13.3333V5.99992L8 1.33325Z\" stroke=\"#E1A850\" stroke-width=\"1.4\" stroke-linecap=\"round\" stroke-linejoin=\"round\"><\/path><path d=\"M6 14.6667V8H10V14.6667\" stroke=\"#E1A850\" stroke-width=\"1.4\" stroke-linecap=\"round\" stroke-linejoin=\"round\"><\/path><\/svg>\t\t\t\t\t\t<\/span>\n\t\t\t\t\t\t\t\t\t\t<span class=\"elementor-icon-list-text\">6500 \u0411\u0430\u0458\u0430, \u0422\u0440\u0433 \u0421\u0432\u0435\u0442\u043e\u0433 \u0422\u0440\u043e\u0458\u0441\u0442\u0432\u0430 11.<\/span>\n\t\t\t\t\t\t\t\t\t<\/li>\n\t\t\t\t\t\t\t\t<li class=\"elementor-icon-list-item\">\n\t\t\t\t\t\t\t\t\t\t\t<a href=\"tel:+3679420792\">\n\n\t\t\t\t\t\t\t\t\t\t\t\t<span class=\"elementor-icon-list-icon\">\n\t\t\t\t\t\t\t<svg xmlns=\"http:\/\/www.w3.org\/2000\/svg\" width=\"16\" height=\"16\" viewbox=\"0 0 16 16\" fill=\"none\"><g clip-path=\"url(#clip0_222_630)\"><path d=\"M10.0334 3.33317C10.6845 3.46021 11.283 3.77868 11.7521 4.24779C12.2212 4.71691 12.5397 5.31535 12.6667 5.9665M10.0334 0.666504C11.3862 0.816795 12.6478 1.42262 13.6109 2.38451C14.574 3.3464 15.1814 4.60718 15.3334 5.95984M14.6667 11.2798V13.2798C14.6675 13.4655 14.6294 13.6493 14.555 13.8194C14.4807 13.9895 14.3716 14.1422 14.2348 14.2677C14.0979 14.3933 13.9364 14.4888 13.7605 14.5483C13.5847 14.6078 13.3983 14.6299 13.2134 14.6132C11.1619 14.3903 9.19137 13.6893 7.46004 12.5665C5.84926 11.5429 4.48359 10.1773 3.46004 8.5665C2.33336 6.82731 1.6322 4.84717 1.41337 2.7865C1.39671 2.60215 1.41862 2.41634 1.4777 2.24092C1.53679 2.0655 1.63175 1.9043 1.75655 1.76758C1.88134 1.63087 2.03324 1.52164 2.20256 1.44685C2.37189 1.37206 2.55493 1.33334 2.74004 1.33317H4.74004C5.06357 1.32999 5.37723 1.44456 5.62254 1.65553C5.86786 1.8665 6.02809 2.15947 6.07337 2.47984C6.15779 3.11988 6.31434 3.74832 6.54004 4.35317C6.62973 4.59179 6.64915 4.85111 6.59597 5.10042C6.5428 5.34973 6.41928 5.57858 6.24004 5.75984L5.39337 6.6065C6.34241 8.27553 7.72434 9.65747 9.39337 10.6065L10.24 9.75984C10.4213 9.5806 10.6501 9.45707 10.8994 9.4039C11.1488 9.35073 11.4081 9.37014 11.6467 9.45984C12.2516 9.68554 12.88 9.84209 13.52 9.9265C13.8439 9.97219 14.1396 10.1353 14.3511 10.3848C14.5625 10.6344 14.6748 10.9529 14.6667 11.2798Z\" stroke=\"#E1A850\" stroke-width=\"1.4\" stroke-linecap=\"round\" stroke-linejoin=\"round\"><\/path><\/g><defs><clippath id=\"clip0_222_630\"><rect width=\"16\" height=\"16\" fill=\"white\"><\/rect><\/clippath><\/defs><\/svg>\t\t\t\t\t\t<\/span>\n\t\t\t\t\t\t\t\t\t\t<span class=\"elementor-icon-list-text\">\u0422\u0435\u043b\u0435\u0444\u043e\u043d\/\u0444\u0430\u043a\u0441: (+36) 79\/420-792<\/span>\n\t\t\t\t\t\t\t\t\t\t\t<\/a>\n\t\t\t\t\t\t\t\t\t<\/li>\n\t\t\t\t\t\t\t\t<li class=\"elementor-icon-list-item\">\n\t\t\t\t\t\t\t\t\t\t\t<span class=\"elementor-icon-list-icon\">\n\t\t\t\t\t\t\t<svg xmlns=\"http:\/\/www.w3.org\/2000\/svg\" width=\"16\" height=\"16\" viewbox=\"0 0 16 16\" fill=\"none\"><g clip-path=\"url(#clip0_519_1577)\"><path d=\"M8.00016 10.6666C9.47292 10.6666 10.6668 9.47268 10.6668 7.99992C10.6668 6.52716 9.47292 5.33325 8.00016 5.33325C6.5274 5.33325 5.3335 6.52716 5.3335 7.99992C5.3335 9.47268 6.5274 10.6666 8.00016 10.6666Z\" stroke=\"#E1A850\" stroke-width=\"1.4\" stroke-linecap=\"round\" stroke-linejoin=\"round\"><\/path><path d=\"M10.6668 5.33333V8.66666C10.6668 9.19709 10.8775 9.7058 11.2526 10.0809C11.6277 10.4559 12.1364 10.6667 12.6668 10.6667C13.1973 10.6667 13.706 10.4559 14.0811 10.0809C14.4561 9.7058 14.6668 9.19709 14.6668 8.66666V7.99999C14.6667 6.49535 14.1577 5.03498 13.2224 3.85635C12.287 2.67772 10.9805 1.85014 9.51526 1.50819C8.04999 1.16624 6.51212 1.33002 5.15173 1.9729C3.79134 2.61579 2.68843 3.69996 2.02234 5.04914C1.35625 6.39832 1.16615 7.93315 1.48295 9.40407C1.79975 10.875 2.60482 12.1955 3.76726 13.1508C4.92969 14.1062 6.38112 14.6402 7.88555 14.6661C9.38997 14.692 10.8589 14.2082 12.0535 13.2933\" stroke=\"#E1A850\" stroke-width=\"1.4\" stroke-linecap=\"round\" stroke-linejoin=\"round\"><\/path><\/g><defs><clippath id=\"clip0_519_1577\"><rect width=\"16\" height=\"16\" fill=\"white\"><\/rect><\/clippath><\/defs><\/svg>\t\t\t\t\t\t<\/span>\n\t\t\t\t\t\t\t\t\t\t<span class=\"elementor-icon-list-text\">\u0415-\u043f\u043e\u0448\u0442\u0430: baja@tourinform.hu<\/span>\n\t\t\t\t\t\t\t\t\t<\/li>\n\t\t\t\t\t\t<\/ul>\n\t\t\t\t\t\t<\/div>\n\t\t\t\t<\/div>\n\t\t\t\t<div class=\"elementor-element elementor-element-ab34d38 elementor-widget elementor-widget-heading\" data-id=\"ab34d38\" data-element_type=\"widget\" data-widget_type=\"heading.default\">\n\t\t\t\t<div class=\"elementor-widget-container\">\n\t\t\t\t\t<p class=\"elementor-heading-title elementor-size-default\">\u0440\u0430\u0434\u043d\u043e \u0432\u0440\u0435\u043c\u0435<\/p>\t\t\t\t<\/div>\n\t\t\t\t<\/div>\n\t\t<div class=\"elementor-element elementor-element-ec36f9c e-con-full e-flex e-con e-child\" data-id=\"ec36f9c\" data-element_type=\"container\">\n\t\t<div class=\"elementor-element elementor-element-455d581 e-con-full e-flex e-con e-child\" data-id=\"455d581\" data-element_type=\"container\">\n\t\t\t\t<div class=\"elementor-element elementor-element-9b21e86 elementor-widget elementor-widget-heading\" data-id=\"9b21e86\" data-element_type=\"widget\" data-widget_type=\"heading.default\">\n\t\t\t\t<div class=\"elementor-widget-container\">\n\t\t\t\t\t<p class=\"elementor-heading-title elementor-size-default\">\u041f\u043e\u043d\u0435\u0434\u0435\u0459\u0430\u043a<\/p>\t\t\t\t<\/div>\n\t\t\t\t<\/div>\n\t\t\t\t<\/div>\n\t\t<div class=\"elementor-element elementor-element-188b8f8 e-con-full e-flex e-con e-child\" data-id=\"188b8f8\" data-element_type=\"container\">\n\t\t\t\t<div class=\"elementor-element elementor-element-d2e1d4a elementor-widget elementor-widget-heading\" data-id=\"d2e1d4a\" data-element_type=\"widget\" data-widget_type=\"heading.default\">\n\t\t\t\t<div class=\"elementor-widget-container\">\n\t\t\t\t\t<p class=\"elementor-heading-title elementor-size-default\">8:00 - 16:00<\/p>\t\t\t\t<\/div>\n\t\t\t\t<\/div>\n\t\t\t\t<\/div>\n\t\t\t\t<\/div>\n\t\t<div class=\"elementor-element elementor-element-793437b e-con-full e-flex e-con e-child\" data-id=\"793437b\" data-element_type=\"container\">\n\t\t<div class=\"elementor-element elementor-element-65f4a0d e-con-full e-flex e-con e-child\" data-id=\"65f4a0d\" data-element_type=\"container\">\n\t\t\t\t<div class=\"elementor-element elementor-element-b346a95 elementor-widget elementor-widget-heading\" data-id=\"b346a95\" data-element_type=\"widget\" data-widget_type=\"heading.default\">\n\t\t\t\t<div class=\"elementor-widget-container\">\n\t\t\t\t\t<p class=\"elementor-heading-title elementor-size-default\">\u0423\u0442\u043e\u0440\u0430\u043a<\/p>\t\t\t\t<\/div>\n\t\t\t\t<\/div>\n\t\t\t\t<\/div>\n\t\t<div class=\"elementor-element elementor-element-3c1805d e-con-full e-flex e-con e-child\" data-id=\"3c1805d\" data-element_type=\"container\">\n\t\t\t\t<div class=\"elementor-element elementor-element-b641b67 elementor-widget elementor-widget-heading\" data-id=\"b641b67\" data-element_type=\"widget\" data-widget_type=\"heading.default\">\n\t\t\t\t<div class=\"elementor-widget-container\">\n\t\t\t\t\t<p class=\"elementor-heading-title elementor-size-default\">8:00 - 16:00<\/p>\t\t\t\t<\/div>\n\t\t\t\t<\/div>\n\t\t\t\t<\/div>\n\t\t\t\t<\/div>\n\t\t<div class=\"elementor-element elementor-element-3f068e2 e-con-full e-flex e-con e-child\" data-id=\"3f068e2\" data-element_type=\"container\">\n\t\t<div class=\"elementor-element elementor-element-c1c6ef7 e-con-full e-flex e-con e-child\" data-id=\"c1c6ef7\" data-element_type=\"container\">\n\t\t\t\t<div class=\"elementor-element elementor-element-62f1053 elementor-widget elementor-widget-heading\" data-id=\"62f1053\" data-element_type=\"widget\" data-widget_type=\"heading.default\">\n\t\t\t\t<div class=\"elementor-widget-container\">\n\t\t\t\t\t<p class=\"elementor-heading-title elementor-size-default\">\u0421\u0440\u0435\u0434\u0430<\/p>\t\t\t\t<\/div>\n\t\t\t\t<\/div>\n\t\t\t\t<\/div>\n\t\t<div class=\"elementor-element elementor-element-156bf56 e-con-full e-flex e-con e-child\" data-id=\"156bf56\" data-element_type=\"container\">\n\t\t\t\t<div class=\"elementor-element elementor-element-bbeec79 elementor-widget elementor-widget-heading\" data-id=\"bbeec79\" data-element_type=\"widget\" data-widget_type=\"heading.default\">\n\t\t\t\t<div class=\"elementor-widget-container\">\n\t\t\t\t\t<p class=\"elementor-heading-title elementor-size-default\">7:30 - 16:00<\/p>\t\t\t\t<\/div>\n\t\t\t\t<\/div>\n\t\t\t\t<\/div>\n\t\t\t\t<\/div>\n\t\t<div class=\"elementor-element elementor-element-ec02dc3 e-con-full e-flex e-con e-child\" data-id=\"ec02dc3\" data-element_type=\"container\">\n\t\t<div class=\"elementor-element elementor-element-a578ce1 e-con-full e-flex e-con e-child\" data-id=\"a578ce1\" data-element_type=\"container\">\n\t\t\t\t<div class=\"elementor-element elementor-element-00e8169 elementor-widget elementor-widget-heading\" data-id=\"00e8169\" data-element_type=\"widget\" data-widget_type=\"heading.default\">\n\t\t\t\t<div class=\"elementor-widget-container\">\n\t\t\t\t\t<p class=\"elementor-heading-title elementor-size-default\">\u0408\u0430 \u0441\u0430\u043c \u0431\u0443\u0434\u0430\u043b\u0430.<\/p>\t\t\t\t<\/div>\n\t\t\t\t<\/div>\n\t\t\t\t<\/div>\n\t\t<div class=\"elementor-element elementor-element-0943ed5 e-con-full e-flex e-con e-child\" data-id=\"0943ed5\" data-element_type=\"container\">\n\t\t\t\t<div class=\"elementor-element elementor-element-6dff42c elementor-widget elementor-widget-heading\" data-id=\"6dff42c\" data-element_type=\"widget\" data-widget_type=\"heading.default\">\n\t\t\t\t<div class=\"elementor-widget-container\">\n\t\t\t\t\t<p class=\"elementor-heading-title elementor-size-default\">8:00 - 16:00<\/p>\t\t\t\t<\/div>\n\t\t\t\t<\/div>\n\t\t\t\t<\/div>\n\t\t\t\t<\/div>\n\t\t<div class=\"elementor-element elementor-element-0914355 e-con-full e-flex e-con e-child\" data-id=\"0914355\" data-element_type=\"container\">\n\t\t<div class=\"elementor-element elementor-element-75daff2 e-con-full e-flex e-con e-child\" data-id=\"75daff2\" data-element_type=\"container\">\n\t\t\t\t<div class=\"elementor-element elementor-element-96d72dd elementor-widget elementor-widget-heading\" data-id=\"96d72dd\" data-element_type=\"widget\" data-widget_type=\"heading.default\">\n\t\t\t\t<div class=\"elementor-widget-container\">\n\t\t\t\t\t<p class=\"elementor-heading-title elementor-size-default\">\u041f\u0435\u0442\u0430\u043a<\/p>\t\t\t\t<\/div>\n\t\t\t\t<\/div>\n\t\t\t\t<\/div>\n\t\t<div class=\"elementor-element elementor-element-c2caac4 e-con-full e-flex e-con e-child\" data-id=\"c2caac4\" data-element_type=\"container\">\n\t\t\t\t<div class=\"elementor-element elementor-element-1d92c29 elementor-widget elementor-widget-heading\" data-id=\"1d92c29\" data-element_type=\"widget\" data-widget_type=\"heading.default\">\n\t\t\t\t<div class=\"elementor-widget-container\">\n\t\t\t\t\t<p class=\"elementor-heading-title elementor-size-default\">8:00 - 16:00<\/p>\t\t\t\t<\/div>\n\t\t\t\t<\/div>\n\t\t\t\t<\/div>\n\t\t\t\t<\/div>\n\t\t<div class=\"elementor-element elementor-element-15cde05 e-con-full e-flex e-con e-child\" data-id=\"15cde05\" data-element_type=\"container\">\n\t\t<div class=\"elementor-element elementor-element-2899123 e-con-full e-flex e-con e-child\" data-id=\"2899123\" data-element_type=\"container\">\n\t\t\t\t<div class=\"elementor-element elementor-element-745c289 elementor-widget elementor-widget-heading\" data-id=\"745c289\" data-element_type=\"widget\" data-widget_type=\"heading.default\">\n\t\t\t\t<div class=\"elementor-widget-container\">\n\t\t\t\t\t<p class=\"elementor-heading-title elementor-size-default\">\u0421\u0443\u0431\u043e\u0442\u0430<\/p>\t\t\t\t<\/div>\n\t\t\t\t<\/div>\n\t\t\t\t<\/div>\n\t\t<div class=\"elementor-element elementor-element-cd6e292 e-con-full e-flex e-con e-child\" data-id=\"cd6e292\" data-element_type=\"container\">\n\t\t\t\t<div class=\"elementor-element elementor-element-1409675 elementor-widget elementor-widget-heading\" data-id=\"1409675\" data-element_type=\"widget\" data-widget_type=\"heading.default\">\n\t\t\t\t<div class=\"elementor-widget-container\">\n\t\t\t\t\t<p class=\"elementor-heading-title elementor-size-default\">7:30 - 12:00<\/p>\t\t\t\t<\/div>\n\t\t\t\t<\/div>\n\t\t\t\t<\/div>\n\t\t\t\t<\/div>\n\t\t<div class=\"elementor-element elementor-element-feba001 e-con-full e-flex e-con e-child\" data-id=\"feba001\" data-element_type=\"container\">\n\t\t<div class=\"elementor-element elementor-element-10dcec1 e-con-full e-flex e-con e-child\" data-id=\"10dcec1\" data-element_type=\"container\">\n\t\t\t\t<div class=\"elementor-element elementor-element-6398f71 elementor-widget elementor-widget-heading\" data-id=\"6398f71\" data-element_type=\"widget\" data-widget_type=\"heading.default\">\n\t\t\t\t<div class=\"elementor-widget-container\">\n\t\t\t\t\t<p class=\"elementor-heading-title elementor-size-default\">\u041d\u0435\u0434\u0435\u0459\u0430<\/p>\t\t\t\t<\/div>\n\t\t\t\t<\/div>\n\t\t\t\t<\/div>\n\t\t<div class=\"elementor-element elementor-element-7aa7661 e-con-full e-flex e-con e-child\" data-id=\"7aa7661\" data-element_type=\"container\">\n\t\t\t\t<div class=\"elementor-element elementor-element-d7ad7b9 elementor-widget elementor-widget-heading\" data-id=\"d7ad7b9\" data-element_type=\"widget\" data-widget_type=\"heading.default\">\n\t\t\t\t<div class=\"elementor-widget-container\">\n\t\t\t\t\t<p class=\"elementor-heading-title elementor-size-default\">\u0417\u0410\u0422\u0412\u041e\u0420\u0415\u041d\u041e<\/p>\t\t\t\t<\/div>\n\t\t\t\t<\/div>\n\t\t\t\t<\/div>\n\t\t\t\t<\/div>\n\t\t\t\t<div class=\"elementor-element elementor-element-43cc857 elementor-hidden-desktop elementor-hidden-tablet elementor-widget elementor-widget-html\" data-id=\"43cc857\" data-element_type=\"widget\" data-widget_type=\"html.default\">\n\t\t\t\t<div class=\"elementor-widget-container\">\n\t\t\t\t\t<iframe src=\"https:\/\/www.google.com\/maps\/embed?pb=!1m18!1m12!1m3!1d2762.6264529188784!2d18.948211677233747!3d46.17809118552352!2m3!1f0!2f0!3f0!3m2!1i1024!2i768!4f13.1!3m3!1m2!1s0x47431ff3a7ff5399%3A0x42040f0744cb9638!2sTourinform%20Baja%20-Bajai%20Turisztikai%20NKft.!5e0!3m2!1shu!2shu!4v1744802288500!5m2!1shu!2shu\" width=\"832\" height=\"320\" style=\"border:0;\" allowfullscreen=\"\" loading=\"lazy\" referrerpolicy=\"no-referrer-when-downgrade\"><\/iframe>\t\t\t\t<\/div>\n\t\t\t\t<\/div>\n\t\t\t\t<\/div>\n\t\t<div class=\"elementor-element elementor-element-dc5e6c0 e-con-full e-flex e-con e-child\" data-id=\"dc5e6c0\" data-element_type=\"container\">\n\t\t<div class=\"elementor-element elementor-element-7ea04b3 e-con-full e-flex e-con e-child\" data-id=\"7ea04b3\" data-element_type=\"container\" data-settings=\"{&quot;background_background&quot;:&quot;classic&quot;}\">\n\t\t\t\t<div class=\"elementor-element elementor-element-c9ce50a elementor-widget elementor-widget-heading\" data-id=\"c9ce50a\" data-element_type=\"widget\" data-widget_type=\"heading.default\">\n\t\t\t\t<div class=\"elementor-widget-container\">\n\t\t\t\t\t<p class=\"elementor-heading-title elementor-size-default\">\u041f\u0438\u0448\u0438\u0442\u0435 \u043d\u0430\u043c<\/p>\t\t\t\t<\/div>\n\t\t\t\t<\/div>\n\t\t\t\t<div class=\"elementor-element elementor-element-d2f1843 elementor-widget elementor-widget-shortcode\" data-id=\"d2f1843\" data-element_type=\"widget\" data-widget_type=\"shortcode.default\">\n\t\t\t\t<div class=\"elementor-widget-container\">\n\t\t\t\t\t\t\t<div class=\"elementor-shortcode\">\n<div class=\"wpcf7 no-js\" id=\"wpcf7-f741-o1\" lang=\"hu-HU\" dir=\"ltr\" data-wpcf7-id=\"741\">\n<div class=\"screen-reader-response\"><p role=\"status\" aria-live=\"polite\" aria-atomic=\"true\"><\/p> <ul><\/ul><\/div>\n<form action=\"\/sr\/wp-json\/wp\/v2\/pages\/736#wpcf7-f741-o1\" method=\"post\" class=\"wpcf7-form init\" aria-label=\"Kapcsolatfelv\u00e9teli \u0171rlap\" novalidate=\"novalidate\" data-status=\"init\" data-trp-original-action=\"\/sr\/wp-json\/wp\/v2\/pages\/736#wpcf7-f741-o1\">\n<div style=\"display: none;\">\n<input type=\"hidden\" name=\"_wpcf7\" value=\"741\" \/>\n<input type=\"hidden\" name=\"_wpcf7_version\" value=\"6.0.6\" \/>\n<input type=\"hidden\" name=\"_wpcf7_locale\" value=\"hu_HU\" \/>\n<input type=\"hidden\" name=\"_wpcf7_unit_tag\" value=\"wpcf7-f741-o1\" \/>\n<input type=\"hidden\" name=\"_wpcf7_container_post\" value=\"0\" \/>\n<input type=\"hidden\" name=\"_wpcf7_posted_data_hash\" value=\"\" \/>\n<\/div>\n<p><label><img decoding=\"async\" src=\"https:\/\/bajakartya.hu\/wp-content\/uploads\/2025\/04\/user.png\" class=\"form-icon\" \/><br \/>\n<span class=\"wpcf7-form-control-wrap\" data-name=\"your-name\"><input size=\"40\" maxlength=\"400\" class=\"wpcf7-form-control wpcf7-text wpcf7-validates-as-required\" autocomplete=\"name\" aria-required=\"true\" aria-invalid=\"false\" placeholder=\"\u0418\u043c\u0435\" value=\"\" type=\"text\" name=\"your-name\" \/><\/span> <\/label>\n<\/p>\n<p><label><img decoding=\"async\" src=\"https:\/\/bajakartya.hu\/wp-content\/uploads\/2025\/04\/at-sign.png\" class=\"form-icon\" \/><br \/>\n<span class=\"wpcf7-form-control-wrap\" data-name=\"your-email\"><input size=\"40\" maxlength=\"400\" class=\"wpcf7-form-control wpcf7-email wpcf7-validates-as-required wpcf7-text wpcf7-validates-as-email\" autocomplete=\"email\" aria-required=\"true\" aria-invalid=\"false\" placeholder=\"\u0410\u0434\u0440\u0435\u0441\u0430 \u0435-\u043f\u043e\u0448\u0442\u0435\" value=\"\" type=\"email\" name=\"your-email\" \/><\/span> <\/label>\n<\/p>\n<p><label><img decoding=\"async\" src=\"https:\/\/bajakartya.hu\/wp-content\/uploads\/2025\/04\/edit-3.png\" class=\"form-icon\" \/><br \/>\n<span class=\"wpcf7-form-control-wrap\" data-name=\"your-message\"><textarea cols=\"40\" rows=\"6\" maxlength=\"2000\" class=\"wpcf7-form-control wpcf7-textarea wpcf7-validates-as-required\" aria-required=\"true\" aria-invalid=\"false\" placeholder=\"\u041f\u043e\u0440\u0443\u043a\u0430\" name=\"your-message\"><\/textarea><\/span> <\/label>\n<\/p>\n<div class=\"privacy\">\n\t<p><span class=\"wpcf7-form-control-wrap\" data-name=\"acceptance-622\"><span class=\"wpcf7-form-control wpcf7-acceptance\"><span class=\"wpcf7-list-item\"><label><input type=\"checkbox\" name=\"acceptance-622\" value=\"1\" aria-invalid=\"false\" \/><span class=\"wpcf7-list-item-label\">\u041f\u0440\u043e\u0447\u0438\u0442\u0430\u043e \u0441\u0430\u043c, \u0440\u0430\u0437\u0443\u043c\u0435\u043e \u0438 \u043f\u0440\u0438\u0445\u0432\u0430\u0442\u0430\u043c \u0411\u0430\u0458\u0430\u0438 \u0422\u0443\u0440\u0438\u0441\u0437\u0442\u0438\u043a\u0430\u0438 \u041d\u041a\u0444\u0442. <a href=\"https:\/\/bajakartya.hu\/sr\/adatvedelmi-tajekoztato\/\">\u0438\u043d\u0444\u043e\u0440\u043c\u0430\u0446\u0438\u0458\u0435 \u043e \u043f\u0440\u0438\u0432\u0430\u0442\u043d\u043e\u0441\u0442\u0438 \u0438 \u0443\u043f\u0440\u0430\u0432\u0459\u0430\u045a\u0443 \u043f\u043e\u0434\u0430\u0446\u0438\u043c\u0430<\/a> \u0438 \u0441\u0430\u0433\u043b\u0430\u0441\u0430\u043d\/\u0441\u0430\u0433\u043b\u0430\u0441\u043d\u0430 \u0441\u0430\u043c \u0434\u0430 \u041a\u043e\u043d\u0442\u0440\u043e\u043b\u043e\u0440 \u043f\u043e\u0434\u0430\u0442\u0430\u043a\u0430 \u043e\u0431\u0440\u0430\u0452\u0443\u0458\u0435 \u043c\u043e\u0458\u0435 \u043f\u043e\u0434\u0430\u0442\u043a\u0435 \u043a\u043e\u0458\u0435 \u0441\u0430\u043c \u043e\u0432\u0434\u0435 \u043d\u0430\u0432\u0435\u043e\/\u043b\u0430.<\/span><\/label><\/span><\/span><\/span>\n\t<\/p>\n<\/div>\n<div class=\"btn-holder\">\n\t<p><input class=\"wpcf7-form-control wpcf7-submit has-spinner\" type=\"submit\" value=\"\u041f\u043e\u0448\u0430\u0459\u0438 \u043f\u043e\u0440\u0443\u043a\u0443\" \/><img decoding=\"async\" src=\"https:\/\/bajakartya.hu\/wp-content\/uploads\/2025\/04\/send.png\" class=\"form-icon\" \/>\n\t<\/p>\n<\/div><div class=\"wpcf7-response-output\" aria-hidden=\"true\"><\/div>\n<input type=\"hidden\" name=\"trp-form-language\" value=\"sr\"\/><\/form>\n<\/div>\n<\/div>\n\t\t\t\t\t\t<\/div>\n\t\t\t\t<\/div>\n\t\t\t\t<\/div>\n\t\t\t\t<\/div>\n\t\t\t\t\t<\/div>\n\t\t\t\t<\/div>\n\t\t<div class=\"elementor-element elementor-element-8034f8d e-con-full elementor-hidden-mobile e-flex e-con e-parent\" data-id=\"8034f8d\" data-element_type=\"container\">\n\t\t\t\t<div class=\"elementor-element elementor-element-6ff4143 elementor-widget elementor-widget-html\" data-id=\"6ff4143\" data-element_type=\"widget\" data-widget_type=\"html.default\">\n\t\t\t\t<div class=\"elementor-widget-container\">\n\t\t\t\t\t<iframe src=\"https:\/\/www.google.com\/maps\/embed?pb=!1m18!1m12!1m3!1d2762.6264529188784!2d18.948211677233747!3d46.17809118552352!2m3!1f0!2f0!3f0!3m2!1i1024!2i768!4f13.1!3m3!1m2!1s0x47431ff3a7ff5399%3A0x42040f0744cb9638!2sTourinform%20Baja%20-Bajai%20Turisztikai%20NKft.!5e0!3m2!1shu!2shu!4v1744802288500!5m2!1shu!2shu\" width=\"832\" height=\"600\" style=\"border:0;\" allowfullscreen=\"\" loading=\"lazy\" referrerpolicy=\"no-referrer-when-downgrade\"><\/iframe>\t\t\t\t<\/div>\n\t\t\t\t<\/div>\n\t\t\t\t<\/div>\n\t\t\t\t<\/div>","protected":false},"excerpt":{"rendered":"<p>Tourinform Baja Bajai Turisztikai NKft. EL\u00c9RHET\u0150S\u00c9G Tourinform iroda 6500 Baja, Szenth\u00e1roms\u00e1g t\u00e9r 11. Tel\/fax: (+36) 79\/420-792 E-mail:\u00a0baja@tourinform.hu nyitvatart\u00e1s H\u00e9tf\u0151 8:00 &#8211; 16:00 Kedd 8:00 &#8211; 16:00 Szerda 7:30 &#8211; 16:00 C\u00fct\u00f6rt\u00f6k 8:00 &#8211; 16:00 P\u00e9ntek 8:00 &#8211; 16:00 Szombat 7:30 &#8211; 12:00 Vas\u00e1rnap Z\u00c1RVA \u00cdrjon nek\u00fcnk<\/p>","protected":false},"author":1,"featured_media":0,"parent":0,"menu_order":0,"comment_status":"closed","ping_status":"closed","template":"","meta":{"footnotes":""},"class_list":["post-736","page","type-page","status-publish","hentry"],"_links":{"self":[{"href":"https:\/\/bajakartya.hu\/sr\/wp-json\/wp\/v2\/pages\/736","targetHints":{"allow":["GET"]}}],"collection":[{"href":"https:\/\/bajakartya.hu\/sr\/wp-json\/wp\/v2\/pages"}],"about":[{"href":"https:\/\/bajakartya.hu\/sr\/wp-json\/wp\/v2\/types\/page"}],"author":[{"embeddable":true,"href":"https:\/\/bajakartya.hu\/sr\/wp-json\/wp\/v2\/users\/1"}],"replies":[{"embeddable":true,"href":"https:\/\/bajakartya.hu\/sr\/wp-json\/wp\/v2\/comments?post=736"}],"version-history":[{"count":34,"href":"https:\/\/bajakartya.hu\/sr\/wp-json\/wp\/v2\/pages\/736\/revisions"}],"predecessor-version":[{"id":1816,"href":"https:\/\/bajakartya.hu\/sr\/wp-json\/wp\/v2\/pages\/736\/revisions\/1816"}],"wp:attachment":[{"href":"https:\/\/bajakartya.hu\/sr\/wp-json\/wp\/v2\/media?parent=736"}],"curies":[{"name":"wp","href":"https:\/\/api.w.org\/{rel}","templated":true}]}}