{"id":1419,"date":"2025-05-09T11:16:41","date_gmt":"2025-05-09T09:16:41","guid":{"rendered":"https:\/\/bajakartya.hu\/?page_id=1419"},"modified":"2025-07-11T12:24:24","modified_gmt":"2025-07-11T10:24:24","slug":"altalanos-szerzodesi-feltetelek","status":"publish","type":"page","link":"https:\/\/bajakartya.hu\/sr\/altalanos-szerzodesi-feltetelek\/","title":{"rendered":"\u041e\u043f\u0448\u0442\u0438 \u0443\u0441\u043b\u043e\u0432\u0438 \u0438 \u043e\u0434\u0440\u0435\u0434\u0431\u0435"},"content":{"rendered":"<div data-elementor-type=\"wp-page\" data-elementor-id=\"1419\" class=\"elementor elementor-1419\" data-elementor-post-type=\"page\">\n\t\t\t\t<div class=\"elementor-element elementor-element-0fc1c83 e-flex e-con-boxed e-con e-parent\" data-id=\"0fc1c83\" data-element_type=\"container\" data-settings=\"{&quot;background_background&quot;:&quot;classic&quot;}\">\n\t\t\t\t\t<div class=\"e-con-inner\">\n\t\t<div class=\"elementor-element elementor-element-694a3c2 e-con-full e-flex e-con e-child\" data-id=\"694a3c2\" data-element_type=\"container\">\n\t\t\t\t<div class=\"elementor-element elementor-element-04325ac elementor-widget elementor-widget-heading\" data-id=\"04325ac\" data-element_type=\"widget\" data-widget_type=\"heading.default\">\n\t\t\t\t<div class=\"elementor-widget-container\">\n\t\t\t\t\t<h1 class=\"elementor-heading-title elementor-size-default\">\u041e\u043f\u0448\u0442\u0438 \u0443\u0441\u043b\u043e\u0432\u0438 \u0438 \u043e\u0434\u0440\u0435\u0434\u0431\u0435<\/h1>\t\t\t\t<\/div>\n\t\t\t\t<\/div>\n\t\t\t\t<div class=\"elementor-element elementor-element-74fbaa3 elementor-widget elementor-widget-text-editor\" data-id=\"74fbaa3\" data-element_type=\"widget\" data-widget_type=\"text-editor.default\">\n\t\t\t\t<div class=\"elementor-widget-container\">\n\t\t\t\t\t\t\t\t\t<p><b>\u0421\u0442\u0443\u043f\u0430 \u043d\u0430 \u0441\u043d\u0430\u0433\u0443: 1. \u0430\u0432\u0433\u0443\u0441\u0442\u0430 2025.<\/b><\/p><p><span style=\"font-weight: 400;\">\u041e\u0432\u0435 \u0438\u043d\u0444\u043e\u0440\u043c\u0430\u0446\u0438\u0458\u0435 \u043e \u0443\u043f\u0440\u0430\u0432\u0459\u0430\u045a\u0443 \u043f\u043e\u0434\u0430\u0446\u0438\u043c\u0430 \u043e\u0431\u0435\u0437\u0431\u0435\u0452\u0443\u0458\u0435 \u0411\u0430\u0458\u0430\u0438 \u0422\u0443\u0440\u0438\u0441\u0437\u0442\u0438\u043a\u0430\u0438 \u041d\u043e\u043d\u043f\u0440\u043e\u0444\u0438\u0442 \u041a\u0444\u0442. (\u0443 \u0434\u0430\u0459\u0435\u043c \u0442\u0435\u043a\u0441\u0442\u0443: \u041a\u043e\u043d\u0442\u0440\u043e\u043b\u043e\u0440 \u043f\u043e\u0434\u0430\u0442\u0430\u043a\u0430) \u043f\u0440\u0443\u0436\u0430 \u0438\u043d\u0444\u043e\u0440\u043c\u0430\u0446\u0438\u0458\u0435 \u043e \u043e\u0431\u0440\u0430\u0434\u0438 \u043b\u0438\u0447\u043d\u0438\u0445 \u043f\u043e\u0434\u0430\u0442\u0430\u043a\u0430 \u043f\u043e\u0441\u0435\u0442\u0438\u043b\u0430\u0446\u0430 \u0432\u0435\u0431 \u0441\u0442\u0440\u0430\u043d\u0438\u0446\u0435 \u0438 \u043a\u043e\u0440\u0438\u0441\u043d\u0438\u043a\u0430 \u043a\u043e\u0458\u0438 \u0437\u0430\u0445\u0442\u0435\u0432\u0430\u0458\u0443 \u0433\u0440\u0430\u0434\u0441\u043a\u0443 \u043a\u0430\u0440\u0442\u0438\u0446\u0443.<\/span><\/p><ol><li><span style=\"font-weight: 400;\"> \u041f\u043e\u0434\u0430\u0446\u0438 \u043e \u043e\u043f\u0435\u0440\u0430\u0442\u0435\u0440\u0443<\/span><\/li><\/ol><p><span style=\"font-weight: 400;\">\u041d\u0430\u0437\u0438\u0432 \u043a\u043e\u043c\u043f\u0430\u043d\u0438\u0458\u0435: Baja Tourism Nonprofit Company Limited Liability Company<\/span><\/p><p><span style=\"font-weight: 400;\">\u0421\u0435\u0434\u0438\u0448\u0442\u0435: 6500 \u0411\u0430\u0458\u0430, \u0421\u0437\u0435\u043d\u0442\u0445\u0430\u0440\u043e\u043c\u0441\u0430\u0433 \u0442\u0435\u0440 11.<\/span><\/p><p><span style=\"font-weight: 400;\">\u041c\u0430\u0442\u0438\u0447\u043d\u0438 \u0431\u0440\u043e\u0458 \u043f\u0440\u0435\u0434\u0443\u0437\u0435\u045b\u0430: 03 09 125234<\/span><\/p><p><span style=\"font-weight: 400;\">\u041f\u043e\u0440\u0435\u0441\u043a\u0438 \u0431\u0440\u043e\u0458: 24119566-2-03<\/span><\/p><p><span style=\"font-weight: 400;\">\u0415-\u043c\u0430\u0438\u043b: \u0438\u0440\u043e\u0434\u0430@\u0431\u0430\u0458\u0430\u0438\u0442\u0443\u0440\u0438\u0437\u043c\u0443\u0441.\u0445\u0443<\/span><\/p><p><span style=\"font-weight: 400;\">\u0412\u0435\u0431-\u0441\u0430\u0458\u0442:\u00a0<\/span><\/p><ol start=\"2\"><li><span style=\"font-weight: 400;\"> \u041e\u043f\u0438\u0441 \u0443\u0441\u043b\u0443\u0433\u0435<\/span><\/li><\/ol><p><span style=\"font-weight: 400;\">\u041f\u0440\u0435\u043a\u043e \u0432\u0435\u0431 \u0441\u0442\u0440\u0430\u043d\u0438\u0446\u0435, \u043a\u043e\u0440\u0438\u0441\u043d\u0438\u0446\u0438 \u043c\u043e\u0433\u0443 \u0434\u0430 \u0441\u0435 \u043f\u0440\u0438\u0458\u0430\u0432\u0435 \u0437\u0430 \u0431\u0435\u0441\u043f\u043b\u0430\u0442\u043d\u0443 \u0434\u0438\u0433\u0438\u0442\u0430\u043b\u043d\u0443 \u0433\u0440\u0430\u0434\u0441\u043a\u0443 \u043a\u0430\u0440\u0442\u0438\u0446\u0443, \u043a\u043e\u0458\u0430 \u0438\u043c \u043e\u043c\u043e\u0433\u0443\u045b\u0430\u0432\u0430 \u043f\u043e\u043f\u0443\u0441\u0442\u0435 \u043a\u043e\u0434 \u043f\u0430\u0440\u0442\u043d\u0435\u0440\u0430 \u043a\u043e\u0458\u0438 \u0443\u0447\u0435\u0441\u0442\u0432\u0443\u0458\u0443 \u0443 \u043f\u0440\u043e\u0433\u0440\u0430\u043c\u0443 (\u043d\u043f\u0440. \u0440\u0435\u0441\u0442\u043e\u0440\u0430\u043d\u0438, \u043a\u0443\u043b\u0442\u0443\u0440\u043d\u0435 \u0443\u0441\u0442\u0430\u043d\u043e\u0432\u0435, \u043f\u0440\u0443\u0436\u0430\u043e\u0446\u0438 \u0443\u0441\u043b\u0443\u0433\u0430 \u0438\u0442\u0434.).<\/span><\/p><ol start=\"3\"><li><span style=\"font-weight: 400;\"> \u0423\u0441\u043b\u043e\u0432\u0438 \u0437\u0430 \u043f\u043e\u0434\u043d\u043e\u0448\u0435\u045a\u0435 \u0437\u0430\u0445\u0442\u0435\u0432\u0430 \u0437\u0430 \u0433\u0440\u0430\u0434\u0441\u043a\u0443 \u043a\u0430\u0440\u0442\u0438\u0446\u0443<\/span><\/li><\/ol><p><span style=\"font-weight: 400;\">\u041f\u043e\u0434\u043d\u043e\u0448\u0435\u045a\u0435 \u0437\u0430\u0445\u0442\u0435\u0432\u0430 \u0437\u0430 \u0433\u0440\u0430\u0434\u0441\u043a\u0443 \u043a\u0430\u0440\u0442\u0438\u0446\u0443 \u0458\u0435 \u0431\u0435\u0441\u043f\u043b\u0430\u0442\u043d\u043e. \u0412\u0430\u0436\u0438 \u043d\u0435\u0434\u0435\u0459\u0443 \u0434\u0430\u043d\u0430 \u043e\u0434 \u0430\u043a\u0442\u0438\u0432\u0430\u0446\u0438\u0458\u0435. \u041c\u043e\u0436\u0435\u0442\u0435 \u043f\u043e\u043d\u043e\u0432\u043e \u0434\u0430 \u0441\u0435 \u043f\u0440\u0438\u0458\u0430\u0432\u0438\u0442\u0435 \u043d\u0430\u043a\u043e\u043d \u0438\u0441\u0442\u0435\u043a\u0430. \u041c\u043e\u0436\u0435\u0442\u0435 \u0434\u0430 \u0441\u0435 \u043f\u0440\u0438\u0458\u0430\u0432\u0438\u0442\u0435 \u0437\u0430 \u0432\u0438\u0448\u0435 \u043a\u0430\u0440\u0442\u0438\u0446\u0430 \u0441\u0430 \u0458\u0435\u0434\u043d\u0435 \u0438\u043c\u0435\u0458\u043b \u0430\u0434\u0440\u0435\u0441\u0435.<\/span><\/p><p><span style=\"font-weight: 400;\">\u0417\u0430 \u043f\u0440\u0438\u0458\u0430\u0432\u0443 \u0458\u0435 \u043f\u043e\u0442\u0440\u0435\u0431\u043d\u0430 \u0432\u0430\u0436\u0435\u045b\u0430 \u0438\u043c\u0435\u0458\u043b \u0430\u0434\u0440\u0435\u0441\u0430.<\/span><\/p><p><span style=\"font-weight: 400;\">\u041a\u0430\u0440\u0442\u0438\u0446\u0430 \u045b\u0435 \u0431\u0438\u0442\u0438 \u0438\u0437\u0434\u0430\u0442\u0430 \u0438\u0441\u043a\u0459\u0443\u0447\u0438\u0432\u043e \u0443 \u0434\u0438\u0433\u0438\u0442\u0430\u043b\u043d\u043e\u043c \u0444\u043e\u0440\u043c\u0430\u0442\u0443, \u043a\u043e\u0458\u0430 \u045b\u0435 \u0431\u0438\u0442\u0438 \u043f\u043e\u0441\u043b\u0430\u0442\u0430 \u043d\u0430 \u043d\u0430\u0432\u0435\u0434\u0435\u043d\u0443 \u0438\u043c\u0435\u0458\u043b \u0430\u0434\u0440\u0435\u0441\u0443.<\/span><\/p><p><span style=\"font-weight: 400;\">\u041a\u0430\u0440\u0442\u0438\u0446\u0430 \u0458\u0435 \u043b\u0438\u0447\u043d\u0430 \u0438 \u043d\u0435 \u043c\u043e\u0436\u0435 \u0441\u0435 \u043f\u0440\u0435\u043d\u0435\u0442\u0438 \u043d\u0430 \u0442\u0440\u0435\u045b\u0435 \u043b\u0438\u0446\u0435.<\/span><\/p><ol start=\"4\"><li><span style=\"font-weight: 400;\"> \u041a\u043e\u0440\u0438\u0448\u045b\u0435\u045a\u0435 \u0433\u0440\u0430\u0434\u0441\u043a\u0435 \u043a\u0430\u0440\u0442\u0438\u0446\u0435<\/span><\/li><\/ol><p><span style=\"font-weight: 400;\">\u0413\u0440\u0430\u0434\u0441\u043a\u0430 \u043a\u0430\u0440\u0442\u0438\u0446\u0430 \u0441\u0435 \u0430\u043a\u0442\u0438\u0432\u0438\u0440\u0430 \u043d\u0430\u043a\u043e\u043d \u043a\u043e\u0440\u0438\u0448\u045b\u0435\u045a\u0430 \u043f\u043b\u0430\u045b\u0435\u043d\u0435 \u0443\u0441\u043b\u0443\u0433\u0435 \u043d\u0430 \u043f\u0440\u0432\u043e\u0458 \u043b\u043e\u043a\u0430\u0446\u0438\u0458\u0438 \u043a\u043e\u0440\u0438\u0441\u043d\u0438\u043a\u0430. \u041d\u0430\u043a\u043e\u043d \u0442\u043e\u0433\u0430, \u043f\u043e\u043a\u0430\u0437\u0438\u0432\u0430\u045a\u0435\u043c \u043a\u0430\u0440\u0442\u0438\u0446\u0435, \u043c\u043e\u0433\u0443 \u0441\u0435 \u043a\u043e\u0440\u0438\u0441\u0442\u0438\u0442\u0438 \u043e\u0434\u0440\u0435\u0452\u0435\u043d\u0438 \u043f\u043e\u043f\u0443\u0441\u0442\u0438 \u043a\u043e\u0434 \u0434\u0440\u0443\u0433\u0438\u0445 \u043f\u0430\u0440\u0442\u043d\u0435\u0440\u0430. \u0411\u0440\u043e\u0458 \u043c\u0435\u0441\u0442\u0430 \u043f\u0440\u0438\u0445\u0432\u0430\u0442\u0430\u045a\u0430 \u0441\u0435 \u0441\u0442\u0430\u043b\u043d\u043e \u0448\u0438\u0440\u0438.<\/span><\/p><p><span style=\"font-weight: 400;\">\u0422\u0440\u0435\u043d\u0443\u0442\u043d\u0438 \u0441\u043f\u0438\u0441\u0430\u043a \u043b\u043e\u043a\u0430\u0446\u0438\u0458\u0430 \u043a\u043e\u0458\u0435 \u043f\u0440\u0438\u0445\u0432\u0430\u0442\u0430\u0458\u0443 \u043a\u0430\u0440\u0442\u0435 \u0438 \u0440\u0430\u0441\u043f\u043e\u043d \u043f\u043e\u043f\u0443\u0441\u0442\u0430 \u043c\u043e\u0436\u0435\u0442\u0435 \u043f\u0440\u043e\u043d\u0430\u045b\u0438 \u043d\u0430 \u0432\u0435\u0431 \u0441\u0442\u0440\u0430\u043d\u0438\u0446\u0438.<\/span><\/p><p><span style=\"font-weight: 400;\">\u0422\u0430\u0447\u0430\u043d \u0441\u0430\u0434\u0440\u0436\u0430\u0458 \u043f\u043e\u043f\u0443\u0441\u0442\u0430 \u043e\u0434\u0440\u0435\u0452\u0443\u0458\u0435 \u0438 \u043c\u043e\u0436\u0435 \u0433\u0430 \u0438\u0437\u043c\u0435\u043d\u0438\u0442\u0438 \u0441\u0432\u0430\u043a\u0438 \u043f\u0430\u0440\u0442\u043d\u0435\u0440 \u0443 \u043e\u043a\u0432\u0438\u0440\u0443 \u0441\u0432\u043e\u0458\u0435 \u043d\u0430\u0434\u043b\u0435\u0436\u043d\u043e\u0441\u0442\u0438.<\/span><\/p><ol start=\"5\"><li><span style=\"font-weight: 400;\"> \u0412\u0430\u0436\u0435\u045a\u0435<\/span><\/li><\/ol><p><span style=\"font-weight: 400;\">\u0413\u0440\u0430\u0434\u0441\u043a\u0430 \u043a\u0430\u0440\u0442\u0430 \u0442\u0440\u0435\u043d\u0443\u0442\u043d\u043e \u0432\u0430\u0436\u0438 \u043d\u0435\u0434\u0435\u0459\u0443 \u0434\u0430\u043d\u0430 \u043e\u0434 \u0430\u043a\u0442\u0438\u0432\u0430\u0446\u0438\u0458\u0435. \u041c\u043e\u0436\u0435 \u0441\u0435 \u043f\u043e\u043d\u043e\u0432\u043e \u043f\u0440\u0438\u0458\u0430\u0432\u0438\u0442\u0438 \u043d\u0430\u043a\u043e\u043d \u0438\u0441\u0442\u0435\u043a\u0430.<\/span><\/p><p><span style=\"font-weight: 400;\">\u041f\u0440\u0443\u0436\u0430\u043b\u0430\u0446 \u0443\u0441\u043b\u0443\u0433\u0430 \u0437\u0430\u0434\u0440\u0436\u0430\u0432\u0430 \u043f\u0440\u0430\u0432\u043e \u0434\u0430 \u0438\u0437\u043c\u0435\u043d\u0438 \u0438\u043b\u0438 \u0443\u043a\u0438\u043d\u0435 \u0441\u0438\u0441\u0442\u0435\u043c \u043a\u0430\u0440\u0442\u0438\u0446\u0430.<\/span><\/p><ol start=\"6\"><li><span style=\"font-weight: 400;\"> \u041e\u0434\u0440\u0438\u0446\u0430\u045a\u0435 \u043e\u0434\u0433\u043e\u0432\u043e\u0440\u043d\u043e\u0441\u0442\u0438<\/span><\/li><\/ol><p><span style=\"font-weight: 400;\">\u041f\u0440\u0443\u0436\u0430\u043b\u0430\u0446 \u0443\u0441\u043b\u0443\u0433\u0430 \u043d\u0438\u0458\u0435 \u043e\u0434\u0433\u043e\u0432\u043e\u0440\u0430\u043d \u0437\u0430 \u043f\u043e\u043f\u0443\u0441\u0442\u0435 \u043a\u043e\u0458\u0435 \u043f\u0440\u0443\u0436\u0430\u0458\u0443 \u043f\u0430\u0440\u0442\u043d\u0435\u0440\u0438, \u045a\u0438\u0445\u043e\u0432\u0443 \u0434\u043e\u0441\u0442\u0443\u043f\u043d\u043e\u0441\u0442 \u0438\u043b\u0438 \u043a\u0432\u0430\u043b\u0438\u0442\u0435\u0442.<\/span><\/p><p><span style=\"font-weight: 400;\">\u0418\u043d\u0444\u043e\u0440\u043c\u0430\u0446\u0438\u0458\u0435 \u043d\u0430 \u0432\u0435\u0431-\u0441\u0430\u0458\u0442\u0443 \u0441\u0443 \u0438\u0441\u043a\u0459\u0443\u0447\u0438\u0432\u043e \u0443 \u0438\u043d\u0444\u043e\u0440\u043c\u0430\u0442\u0438\u0432\u043d\u0435 \u0441\u0432\u0440\u0445\u0435 \u0438 \u0437\u0430\u0434\u0440\u0436\u0430\u0432\u0430\u043c\u043e \u043f\u0440\u0430\u0432\u043e \u0438\u0437\u043c\u0435\u043d\u0430.<\/span><\/p><ol start=\"7\"><li><span style=\"font-weight: 400;\"> \u0423\u043f\u0440\u0430\u0432\u0459\u0430\u045a\u0435 \u043f\u043e\u0434\u0430\u0446\u0438\u043c\u0430<\/span><\/li><\/ol><p><span style=\"font-weight: 400;\">\u041e\u0431\u0440\u0430\u0434\u0430 \u043f\u043e\u0434\u0430\u0442\u0430\u043a\u0430 \u0441\u0435 \u0432\u0440\u0448\u0438 \u0443 \u0441\u043a\u043b\u0430\u0434\u0443 \u0441\u0430 \u0432\u0430\u0436\u0435\u045b\u0438\u043c \u043e\u0431\u0430\u0432\u0435\u0448\u0442\u0435\u045a\u0435\u043c \u043e \u043e\u0431\u0440\u0430\u0434\u0438 \u043f\u043e\u0434\u0430\u0442\u0430\u043a\u0430, \u043a\u043e\u0458\u0435 \u0458\u0435 \u0434\u043e\u0441\u0442\u0443\u043f\u043d\u043e \u043d\u0430 \u0432\u0435\u0431 \u0441\u0442\u0440\u0430\u043d\u0438\u0446\u0438. \u0421\u043b\u0430\u045a\u0435\u043c \u0437\u0430\u0445\u0442\u0435\u0432\u0430, \u043a\u043e\u0440\u0438\u0441\u043d\u0438\u043a \u043f\u0440\u0438\u0445\u0432\u0430\u0442\u0430 \u0443\u0441\u043b\u043e\u0432\u0435 \u043e\u0431\u0440\u0430\u0434\u0435 \u043f\u043e\u0434\u0430\u0442\u0430\u043a\u0430.<\/span><\/p><p><span style=\"font-weight: 400;\">\u041f\u0440\u0438\u043b\u0438\u043a\u043e\u043c \u043f\u043e\u0434\u043d\u043e\u0448\u0435\u045a\u0430 \u0437\u0430\u0445\u0442\u0435\u0432\u0430 \u0437\u0430 \u0433\u0440\u0430\u0434\u0441\u043a\u0443 \u043a\u0430\u0440\u0442\u0438\u0446\u0443, \u043e\u0431\u0440\u0430\u0452\u0443\u0458\u0435\u043c\u043e \u0441\u043b\u0435\u0434\u0435\u045b\u0435 \u043b\u0438\u0447\u043d\u0435 \u043f\u043e\u0434\u0430\u0442\u043a\u0435:<\/span><\/p><p><span style=\"font-weight: 400;\">\u0418\u043c\u0435 (\u0430\u043a\u043e \u0458\u0435 \u043d\u0430\u0432\u0435\u0434\u0435\u043d\u043e)<\/span><\/p><p><span style=\"font-weight: 400;\">\u0410\u0434\u0440\u0435\u0441\u0430 \u0435-\u043f\u043e\u0448\u0442\u0435 (\u043e\u0431\u0430\u0432\u0435\u0437\u043d\u043e)<\/span><\/p><p><span style=\"font-weight: 400;\">\u0414\u0430\u0442\u0443\u043c \u0437\u0430\u0445\u0442\u0435\u0432\u0430<\/span><\/p><p><span style=\"font-weight: 400;\">\u0418\u041f \u0430\u0434\u0440\u0435\u0441\u0430 (\u0437\u0430 \u0442\u0435\u0445\u043d\u0438\u0447\u043a\u043e \u0435\u0432\u0438\u0434\u0435\u043d\u0442\u0438\u0440\u0430\u045a\u0435)<\/span><\/p><p><span style=\"font-weight: 400;\">\u041e\u0431\u0440\u0430\u0434\u0430 \u043f\u043e\u0434\u0430\u0442\u0430\u043a\u0430 \u0441\u0435 \u0437\u0430\u0441\u043d\u0438\u0432\u0430 \u043d\u0430 \u0434\u043e\u0431\u0440\u043e\u0432\u043e\u0459\u043d\u043e\u0458 \u0441\u0430\u0433\u043b\u0430\u0441\u043d\u043e\u0441\u0442\u0438 \u043a\u043e\u0440\u0438\u0441\u043d\u0438\u043a\u0430 (\u0447\u043b\u0430\u043d 6 (1) \u0430) GDPR-\u0430).<\/span><\/p><p><span style=\"font-weight: 400;\">\u041b\u0438\u0447\u043d\u0435 \u043f\u043e\u0434\u0430\u0442\u043a\u0435 \u043e\u0431\u0440\u0430\u0452\u0443\u0458\u0435\u043c\u043e \u0434\u043e\u043a \u043a\u043e\u0440\u0438\u0441\u043d\u0438\u043a \u043d\u0435 \u0437\u0430\u0442\u0440\u0430\u0436\u0438 \u045a\u0438\u0445\u043e\u0432\u043e \u0431\u0440\u0438\u0441\u0430\u045a\u0435, \u0430\u043b\u0438 \u043d\u0435 \u0434\u0443\u0436\u0435 \u043d\u0435\u0433\u043e \u0434\u043e\u043a \u043a\u043e\u0440\u0438\u0441\u043d\u0438\u043a \u043d\u0435 \u043f\u043e\u0432\u0443\u0447\u0435 \u0441\u0430\u0433\u043b\u0430\u0441\u043d\u043e\u0441\u0442. \u041d\u0430 \u0437\u0430\u0445\u0442\u0435\u0432 \u043a\u043e\u0440\u0438\u0441\u043d\u0438\u043a\u0430, \u043f\u043e\u0434\u0430\u0446\u0438 \u045b\u0435 \u0431\u0438\u0442\u0438 \u043e\u0431\u0440\u0438\u0441\u0430\u043d\u0438 \u0431\u0435\u0437 \u043d\u0435\u043f\u043e\u0442\u0440\u0435\u0431\u043d\u043e\u0433 \u043e\u0434\u043b\u0430\u0433\u0430\u045a\u0430.<\/span><\/p><ol start=\"8\"><li><span style=\"font-weight: 400;\"> . \u041a\u043e\u043b\u0430\u0447\u0438\u045b\u0438<\/span><\/li><\/ol><p><span style=\"font-weight: 400;\">\u0412\u0435\u0431 \u043b\u043e\u043a\u0430\u0446\u0438\u0458\u0430 \u043c\u043e\u0436\u0435 \u043a\u043e\u0440\u0438\u0441\u0442\u0438\u0442\u0438 \u043a\u043e\u043b\u0430\u0447\u0438\u045b\u0435 \u043a\u043e\u0458\u0438 \u0441\u0443 \u0442\u0435\u0445\u043d\u0438\u0447\u043a\u0438 \u043d\u0435\u043e\u043f\u0445\u043e\u0434\u043d\u0438 \u0437\u0430 \u045a\u0435\u043d\u043e \u0444\u0443\u043d\u043a\u0446\u0438\u043e\u043d\u0438\u0441\u0430\u045a\u0435. \u041e\u0432\u0438 \u043f\u043e\u0434\u0430\u0446\u0438 \u043d\u0435 \u043f\u0440\u0438\u043a\u0443\u043f\u0459\u0430\u0458\u0443 \u043b\u0438\u0447\u043d\u0435 \u043f\u043e\u0434\u0430\u0442\u043a\u0435 \u0438 \u043a\u043e\u0440\u0438\u0441\u0442\u0435 \u0441\u0435 \u0441\u0430\u043c\u043e \u0443 \u043e\u043f\u0435\u0440\u0430\u0442\u0438\u0432\u043d\u0435 \u0438 \u0441\u0442\u0430\u0442\u0438\u0441\u0442\u0438\u0447\u043a\u0435 \u0441\u0432\u0440\u0445\u0435. \u0414\u0435\u0442\u0430\u0459\u043d\u0430 \u043f\u043e\u043b\u0438\u0442\u0438\u043a\u0430 \u043a\u043e\u043b\u0430\u0447\u0438\u045b\u0430 \u043c\u043e\u0436\u0435 \u0441\u0435 \u043d\u0430\u045b\u0438 \u0443 \u043f\u043e\u0441\u0435\u0431\u043d\u043e\u043c \u0434\u043e\u043a\u0443\u043c\u0435\u043d\u0442\u0443, \u0430\u043a\u043e \u0458\u0435 \u043f\u0440\u0438\u043c\u0435\u043d\u0459\u0438\u0432\u043e.<\/span><\/p><ol start=\"9\"><li><span style=\"font-weight: 400;\"> \u0410\u043c\u0430\u043d\u0434\u043c\u0430\u043d<\/span><\/li><\/ol><p><span style=\"font-weight: 400;\">\u041e\u043f\u0448\u0442\u0438 \u0443\u0441\u043b\u043e\u0432\u0438 \u043f\u043e\u0441\u043b\u043e\u0432\u0430\u045a\u0430 \u043c\u043e\u0433\u0443 \u0431\u0438\u0442\u0438 \u0458\u0435\u0434\u043d\u043e\u0441\u0442\u0440\u0430\u043d\u043e \u0438\u0437\u043c\u0435\u045a\u0435\u043d\u0438 \u0443 \u0431\u0438\u043b\u043e \u043a\u043e\u043c \u0442\u0440\u0435\u043d\u0443\u0442\u043a\u0443. \u041f\u0440\u043e\u043c\u0435\u043d\u0435 \u045b\u0435 \u0441\u0442\u0443\u043f\u0438\u0442\u0438 \u043d\u0430 \u0441\u043d\u0430\u0433\u0443 \u0434\u0430\u043d\u043e\u043c \u043e\u0431\u0458\u0430\u0432\u0459\u0438\u0432\u0430\u045a\u0430 \u043d\u0430 \u0432\u0435\u0431 \u0441\u0442\u0440\u0430\u043d\u0438\u0446\u0438.<\/span><\/p><ol start=\"10\"><li><span style=\"font-weight: 400;\"> \u041f\u0440\u0430\u0432\u043d\u0438 \u0441\u043f\u043e\u0440\u043e\u0432\u0438<\/span><\/li><\/ol><p><span style=\"font-weight: 400;\">\u041e\u0432\u0438 \u041e\u043f\u0448\u0442\u0438 \u0443\u0441\u043b\u043e\u0432\u0438 \u043f\u043e\u0441\u043b\u043e\u0432\u0430\u045a\u0430 \u0440\u0435\u0433\u0443\u043b\u0438\u0441\u0430\u043d\u0438 \u0441\u0443 \u043c\u0430\u0452\u0430\u0440\u0441\u043a\u0438\u043c \u043f\u0440\u0430\u0432\u043e\u043c. \u0423 \u0441\u043b\u0443\u0447\u0430\u0458\u0443 \u043f\u0440\u0430\u0432\u043d\u043e\u0433 \u0441\u043f\u043e\u0440\u0430, \u0441\u0442\u0440\u0430\u043d\u0435 \u045b\u0435 \u043f\u043e\u043a\u0443\u0448\u0430\u0442\u0438 \u0434\u0430 \u043f\u043e\u0441\u0442\u0438\u0433\u043d\u0443 \u043f\u0440\u0438\u0458\u0430\u0442\u0435\u0459\u0441\u043a\u0438 \u0434\u043e\u0433\u043e\u0432\u043e\u0440; \u0410\u043a\u043e \u0442\u043e \u043d\u0435 \u0443\u0441\u043f\u0435, \u0441\u043f\u043e\u0440 \u045b\u0435 \u0441\u0435 \u0440\u0435\u0448\u0438\u0442\u0438 \u043f\u0440\u0435\u0434 \u043d\u0430\u0434\u043b\u0435\u0436\u043d\u0438\u043c \u0441\u0443\u0434\u043e\u043c.<\/span><\/p>\t\t\t\t\t\t\t\t<\/div>\n\t\t\t\t<\/div>\n\t\t\t\t<\/div>\n\t\t\t\t\t<\/div>\n\t\t\t\t<\/div>\n\t\t\t\t<\/div>","protected":false},"excerpt":{"rendered":"<p>\u00c1ltal\u00e1nos szerz\u0151d\u00e9si felt\u00e9telek Hat\u00e1lyos: 2025. augusztus 1-t\u0151 Ez az adatkezel\u00e9si t\u00e1j\u00e9koztat\u00f3 a Bajai Turisztikai Nonprofit Kft. (a tov\u00e1bbiakban: Adatkezel\u0151) \u00e1ltal \u00fczemeltetett weboldal l\u00e1togat\u00f3i \u00e9s a v\u00e1rosk\u00e1rty\u00e1t ig\u00e9nyl\u0151 felhaszn\u00e1l\u00f3k szem\u00e9lyes adatainak kezel\u00e9s\u00e9r\u0151l ny\u00fajt t\u00e1j\u00e9koztat\u00e1st. Az \u00fczemeltet\u0151 adatai C\u00e9gn\u00e9v: Bajai Turisztikai Nonprofit Kort\u00e1tolt Felel\u0151ss\u00e9g\u0171 T\u00e1rsas\u00e1g Sz\u00e9khely: 6500 Baja, Szenth\u00e1roms\u00e1g t\u00e9r 11. C\u00e9gjegyz\u00e9ksz\u00e1m: 03 09 125234 Ad\u00f3sz\u00e1m: 24119566-2-03 [&hellip;]<\/p>","protected":false},"author":1,"featured_media":0,"parent":0,"menu_order":0,"comment_status":"closed","ping_status":"closed","template":"","meta":{"footnotes":""},"class_list":["post-1419","page","type-page","status-publish","hentry"],"_links":{"self":[{"href":"https:\/\/bajakartya.hu\/sr\/wp-json\/wp\/v2\/pages\/1419","targetHints":{"allow":["GET"]}}],"collection":[{"href":"https:\/\/bajakartya.hu\/sr\/wp-json\/wp\/v2\/pages"}],"about":[{"href":"https:\/\/bajakartya.hu\/sr\/wp-json\/wp\/v2\/types\/page"}],"author":[{"embeddable":true,"href":"https:\/\/bajakartya.hu\/sr\/wp-json\/wp\/v2\/users\/1"}],"replies":[{"embeddable":true,"href":"https:\/\/bajakartya.hu\/sr\/wp-json\/wp\/v2\/comments?post=1419"}],"version-history":[{"count":13,"href":"https:\/\/bajakartya.hu\/sr\/wp-json\/wp\/v2\/pages\/1419\/revisions"}],"predecessor-version":[{"id":1798,"href":"https:\/\/bajakartya.hu\/sr\/wp-json\/wp\/v2\/pages\/1419\/revisions\/1798"}],"wp:attachment":[{"href":"https:\/\/bajakartya.hu\/sr\/wp-json\/wp\/v2\/media?parent=1419"}],"curies":[{"name":"wp","href":"https:\/\/api.w.org\/{rel}","templated":true}]}}