{"id":1405,"date":"2025-05-09T11:09:04","date_gmt":"2025-05-09T09:09:04","guid":{"rendered":"https:\/\/bajakartya.hu\/?page_id=1405"},"modified":"2025-05-09T11:12:28","modified_gmt":"2025-05-09T09:12:28","slug":"impresszum","status":"publish","type":"page","link":"https:\/\/bajakartya.hu\/sr\/impresszum\/","title":{"rendered":"\u0418\u043c\u043f\u0440\u0435\u0441\u0443\u043c"},"content":{"rendered":"<div data-elementor-type=\"wp-page\" data-elementor-id=\"1405\" class=\"elementor elementor-1405\" data-elementor-post-type=\"page\">\n\t\t\t\t<div class=\"elementor-element elementor-element-40a2aa4 e-flex e-con-boxed e-con e-parent\" data-id=\"40a2aa4\" data-element_type=\"container\" data-settings=\"{&quot;background_background&quot;:&quot;classic&quot;}\">\n\t\t\t\t\t<div class=\"e-con-inner\">\n\t\t<div class=\"elementor-element elementor-element-fd184a5 e-con-full e-flex e-con e-child\" data-id=\"fd184a5\" data-element_type=\"container\">\n\t\t\t\t<div class=\"elementor-element elementor-element-d231e8b elementor-widget elementor-widget-heading\" data-id=\"d231e8b\" data-element_type=\"widget\" data-widget_type=\"heading.default\">\n\t\t\t\t<div class=\"elementor-widget-container\">\n\t\t\t\t\t<h1 class=\"elementor-heading-title elementor-size-default\">\u0418\u043c\u043f\u0440\u0435\u0441\u0443\u043c<\/h1>\t\t\t\t<\/div>\n\t\t\t\t<\/div>\n\t\t\t\t<div class=\"elementor-element elementor-element-635d850 elementor-widget elementor-widget-text-editor\" data-id=\"635d850\" data-element_type=\"widget\" data-widget_type=\"text-editor.default\">\n\t\t\t\t<div class=\"elementor-widget-container\">\n\t\t\t\t\t\t\t\t\t<p><span style=\"font-weight: 400;\">\u041d\u0430\u0437\u0438\u0432 \u0434\u043e\u0431\u0430\u0432\u0459\u0430\u0447\u0430 \u0443\u0441\u043b\u0443\u0433\u0430: <\/span><b>\u0411\u0430\u0445\u0430 \u0422\u0443\u0440\u0438\u0441\u0442\u0438\u0447\u043a\u043e \u043d\u0435\u043f\u0440\u043e\u0444\u0438\u0442\u043d\u043e \u0434\u0440\u0443\u0448\u0442\u0432\u043e \u0441\u0430 \u043e\u0433\u0440\u0430\u043d\u0438\u0447\u0435\u043d\u043e\u043c \u043e\u0434\u0433\u043e\u0432\u043e\u0440\u043d\u043e\u0448\u045b\u0443<\/b><\/p><p><span style=\"font-weight: 400;\">\u0421\u0435\u0434\u0438\u0448\u0442\u0435 \u043f\u0440\u0443\u0436\u0430\u043e\u0446\u0430 \u0443\u0441\u043b\u0443\u0433\u0430 \u0458\u0435: 6500 \u0411\u0430\u0458\u0430, \u0421\u0437\u0435\u043d\u0442\u0445\u0430\u0440\u043e\u043c\u0441\u0430\u0433 \u0442\u0435\u0440 11.<\/span><\/p><p><span style=\"font-weight: 400;\">\u00a0\u041f\u0440\u043e\u0441\u0442\u043e\u0440\u0438\u0458\u0435 \u043f\u0440\u043e\u0432\u0430\u0458\u0434\u0435\u0440\u0430: 6500 \u0411\u0430\u0458\u0430, \u041c\u0430\u0440\u0446\u0438\u0443\u0441 15. \u0441\u0435\u0442\u0430\u043d\u0438 5.<\/span><\/p><p><span style=\"font-weight: 400;\">\u0410\u0434\u0440\u0435\u0441\u0430 \u0435-\u043f\u043e\u0448\u0442\u0435 \u0434\u043e\u0431\u0430\u0432\u0459\u0430\u0447\u0430 \u0443\u0441\u043b\u0443\u0433\u0430: <\/span><b>office@bajaiturizmu.hu<\/b><\/p><p><span style=\"font-weight: 400;\">\u041e\u0440\u0433\u0430\u043d \u043a\u043e\u0458\u0438 \u0440\u0435\u0433\u0438\u0441\u0442\u0440\u0443\u0458\u0435 \u043f\u0440\u0443\u0436\u0430\u043e\u0446\u0430 \u0443\u0441\u043b\u0443\u0433\u0430: \u0420\u0435\u0433\u0438\u0441\u0442\u0430\u0440\u0441\u043a\u0438 \u0441\u0443\u0434 \u0443 \u041a\u0435\u0447\u043a\u0435\u043c\u0435\u0442\u0443\u00a0<\/span><\/p><p><span style=\"font-weight: 400;\">\u041c\u0430\u0442\u0438\u0447\u043d\u0438 \u0431\u0440\u043e\u0458 \u043a\u043e\u043c\u043f\u0430\u043d\u0438\u0458\u0435 \u043f\u0440\u0443\u0436\u0430\u043e\u0446\u0430 \u0443\u0441\u043b\u0443\u0433\u0430: 03 09 125234<\/span><\/p><p><span style=\"font-weight: 400;\">\u041f\u043e\u0440\u0435\u0441\u043a\u0438 \u0431\u0440\u043e\u0458 \u043f\u0440\u0443\u0436\u0430\u043e\u0446\u0430 \u0443\u0441\u043b\u0443\u0433\u0430: 24119566-2-03<\/span><\/p><p><span style=\"font-weight: 400;\">\u0422\u0438\u043f \u043f\u0440\u0435\u0434\u0443\u0437\u0435\u045b\u0430: \u0414\u0440\u0443\u0448\u0442\u0432\u043e \u0441\u0430 \u043e\u0433\u0440\u0430\u043d\u0438\u0447\u0435\u043d\u043e\u043c \u043e\u0434\u0433\u043e\u0432\u043e\u0440\u043d\u043e\u0448\u045b\u0443<\/span><\/p><p><span style=\"font-weight: 400;\">\u0420\u0435\u0433\u0438\u0441\u0442\u0440\u043e\u0432\u0430\u043d\u043e: 13.09.2012.<\/span><\/p><p><span style=\"font-weight: 400;\">\u0414\u043e\u0434\u0430\u0442\u043d\u0435 \u0432\u0435\u0431 \u0441\u0442\u0440\u0430\u043d\u0438\u0446\u0435 \u0434\u043e\u0431\u0430\u0432\u0459\u0430\u0447\u0430 \u0443\u0441\u043b\u0443\u0433\u0430: <\/span><b>www.visitbaja.hu, www.bajaiturizmus.hu,<\/b><span style=\"font-weight: 400;\">\u00a0\u00a0<\/span><\/p><p><span style=\"font-weight: 400;\">\u0422\u0435\u043b\u043e \u0437\u0430 \u0437\u0430\u0441\u0442\u0443\u043f\u0430\u045a\u0435 \u0441\u0442\u0440\u0443\u0447\u043d\u0438\u0445 \u0438\u043d\u0442\u0435\u0440\u0435\u0441\u0430 \u0447\u0438\u0458\u0438 \u0458\u0435 \u0447\u043b\u0430\u043d \u043f\u0440\u0443\u0436\u0430\u043b\u0430\u0446 \u0443\u0441\u043b\u0443\u0433\u0430:<\/span><\/p><p><span style=\"font-weight: 400;\">\u041f\u0440\u0438\u0432\u0440\u0435\u0434\u043d\u0430 \u043a\u043e\u043c\u043e\u0440\u0430 \u043e\u043a\u0440\u0443\u0433\u0430 \u0411\u0430\u0447-\u041a\u0438\u0448\u043a\u0443\u043d<\/span><\/p><p>\u00a0<\/p><p><span style=\"font-weight: 400;\">\u041f\u0440\u043e\u0432\u0430\u0458\u0434\u0435\u0440 \u0445\u043e\u0441\u0442\u0438\u043d\u0433\u0430:<\/span><\/p><p><span style=\"font-weight: 400;\">\u041e\u043f\u0435\u0440\u0430\u0442\u043e\u0440: Rackhost Zrt.<\/span><\/p><p><span style=\"font-weight: 400;\">\u0421\u0435\u0434\u0438\u0448\u0442\u0435 \u0445\u043e\u0441\u0442\u0438\u043d\u0433 \u043f\u0440\u043e\u0432\u0430\u0458\u0434\u0435\u0440\u0430 \u0458\u0435: 6722 \u0421\u0435\u0433\u0435\u0434\u0438\u043d, \u0422\u0438\u0441\u0437\u0430 \u041b\u0430\u0458\u043e\u0441 \u043a\u043e\u0440\u0443\u0442 41.<\/span><\/p><p><span style=\"font-weight: 400;\">\u0410\u0434\u0440\u0435\u0441\u0430 \u0435-\u043f\u043e\u0448\u0442\u0435 \u043f\u0440\u043e\u0432\u0430\u0458\u0434\u0435\u0440\u0430 \u0445\u043e\u0441\u0442\u0438\u043d\u0433\u0430: <\/span><a href=\"mailto:info@rackhost.hu\"><span style=\"font-weight: 400;\">info@rackhost.hu<\/span><\/a><\/p><p><span style=\"font-weight: 400;\">\u041f\u043e\u0440\u0435\u0441\u043a\u0438 \u0431\u0440\u043e\u0458: 25333572-2-06<\/span><\/p><p><span style=\"font-weight: 400;\">\u041a\u043e\u0440\u0438\u0441\u043d\u0438\u0447\u043a\u0430 \u0441\u043b\u0443\u0436\u0431\u0430: +36 1 445 1200<\/span><\/p><p>\u00a0<\/p><p><span style=\"font-weight: 400;\">\u0412\u0430\u0448\u0435 \u043a\u043e\u043c\u0435\u043d\u0442\u0430\u0440\u0435 \u043e \u0432\u0435\u0431-\u0441\u0430\u0458\u0442\u0443 \u043c\u043e\u0436\u0435\u0442\u0435 \u043f\u043e\u0441\u043b\u0430\u0442\u0438 \u043d\u0430 <\/span><a href=\"about:blank\"><span style=\"font-weight: 400;\">\u043a\u0430\u043d\u0446\u0435\u043b\u0430\u0440\u0438\u0458\u0430@\u0431\u0430\u0458\u0430\u0438\u0442\u0443\u0440\u0438\u0437\u043c.\u0445<\/span><\/a><span style=\"font-weight: 400;\"> \u0438\u043b\u0438 <\/span><a href=\"mailto:baja@tourinform.hu\"><span style=\"font-weight: 400;\">baja@tourinform.hu<\/span><\/a><span style=\"font-weight: 400;\"> \u041c\u043e\u0436\u0435\u0442\u0435 \u0433\u0430 \u043f\u043e\u0441\u043b\u0430\u0442\u0438 \u043d\u0430 \u0430\u0434\u0440\u0435\u0441\u0443.<\/span><\/p>\t\t\t\t\t\t\t\t<\/div>\n\t\t\t\t<\/div>\n\t\t\t\t<\/div>\n\t\t\t\t\t<\/div>\n\t\t\t\t<\/div>\n\t\t\t\t<\/div>","protected":false},"excerpt":{"rendered":"<p>Impresszum A szolg\u00e1ltat\u00f3 neve: Bajai Turisztikai Nonprofit Korl\u00e1tolt Felel\u0151ss\u00e9g\u0171 T\u00e1rsas\u00e1g A szolg\u00e1ltat\u00f3 sz\u00e9khelye: 6500 Baja, Szenth\u00e1roms\u00e1g t\u00e9r 11. \u00a0A szolg\u00e1ltat\u00f3 telephelye: 6500 Baja, M\u00e1rcius 15. s\u00e9t\u00e1ny 5. A szolg\u00e1ltat\u00f3 elektronikus levelez\u00e9si c\u00edme: iroda@bajaiturizmu.hu A szolg\u00e1ltat\u00f3t nyilv\u00e1ntart\u00e1sba bejegyz\u0151 hat\u00f3s\u00e1g: Kecskem\u00e9ti T\u00f6rv\u00e9nysz\u00e9k C\u00e9gb\u00edr\u00f3s\u00e1ga\u00a0 A szolg\u00e1ltat\u00f3 c\u00e9gjegyz\u00e9k sz\u00e1m: 03 09 125234 A szolg\u00e1ltat\u00f3 ad\u00f3sz\u00e1ma: 24119566-2-03 C\u00e9gforma: Korl\u00e1tolt Felel\u0151ss\u00e9g\u0171 [&hellip;]<\/p>","protected":false},"author":1,"featured_media":0,"parent":0,"menu_order":0,"comment_status":"closed","ping_status":"closed","template":"","meta":{"footnotes":""},"class_list":["post-1405","page","type-page","status-publish","hentry"],"_links":{"self":[{"href":"https:\/\/bajakartya.hu\/sr\/wp-json\/wp\/v2\/pages\/1405","targetHints":{"allow":["GET"]}}],"collection":[{"href":"https:\/\/bajakartya.hu\/sr\/wp-json\/wp\/v2\/pages"}],"about":[{"href":"https:\/\/bajakartya.hu\/sr\/wp-json\/wp\/v2\/types\/page"}],"author":[{"embeddable":true,"href":"https:\/\/bajakartya.hu\/sr\/wp-json\/wp\/v2\/users\/1"}],"replies":[{"embeddable":true,"href":"https:\/\/bajakartya.hu\/sr\/wp-json\/wp\/v2\/comments?post=1405"}],"version-history":[{"count":4,"href":"https:\/\/bajakartya.hu\/sr\/wp-json\/wp\/v2\/pages\/1405\/revisions"}],"predecessor-version":[{"id":1409,"href":"https:\/\/bajakartya.hu\/sr\/wp-json\/wp\/v2\/pages\/1405\/revisions\/1409"}],"wp:attachment":[{"href":"https:\/\/bajakartya.hu\/sr\/wp-json\/wp\/v2\/media?parent=1405"}],"curies":[{"name":"wp","href":"https:\/\/api.w.org\/{rel}","templated":true}]}}