{"id":1419,"date":"2025-05-09T11:16:41","date_gmt":"2025-05-09T09:16:41","guid":{"rendered":"https:\/\/bajakartya.hu\/?page_id=1419"},"modified":"2025-07-11T12:24:24","modified_gmt":"2025-07-11T10:24:24","slug":"altalanos-szerzodesi-feltetelek","status":"publish","type":"page","link":"https:\/\/bajakartya.hu\/en\/altalanos-szerzodesi-feltetelek\/","title":{"rendered":"General contractual conditions"},"content":{"rendered":"<div data-elementor-type=\"wp-page\" data-elementor-id=\"1419\" class=\"elementor elementor-1419\" data-elementor-post-type=\"page\">\n\t\t\t\t<div class=\"elementor-element elementor-element-0fc1c83 e-flex e-con-boxed e-con e-parent\" data-id=\"0fc1c83\" data-element_type=\"container\" data-settings=\"{&quot;background_background&quot;:&quot;classic&quot;}\">\n\t\t\t\t\t<div class=\"e-con-inner\">\n\t\t<div class=\"elementor-element elementor-element-694a3c2 e-con-full e-flex e-con e-child\" data-id=\"694a3c2\" data-element_type=\"container\">\n\t\t\t\t<div class=\"elementor-element elementor-element-04325ac elementor-widget elementor-widget-heading\" data-id=\"04325ac\" data-element_type=\"widget\" data-widget_type=\"heading.default\">\n\t\t\t\t<div class=\"elementor-widget-container\">\n\t\t\t\t\t<h1 class=\"elementor-heading-title elementor-size-default\">General contractual conditions<\/h1>\t\t\t\t<\/div>\n\t\t\t\t<\/div>\n\t\t\t\t<div class=\"elementor-element elementor-element-74fbaa3 elementor-widget elementor-widget-text-editor\" data-id=\"74fbaa3\" data-element_type=\"widget\" data-widget_type=\"text-editor.default\">\n\t\t\t\t<div class=\"elementor-widget-container\">\n\t\t\t\t\t\t\t\t\t<p><b>Effective: 1 August 2025<\/b><\/p><p><span style=\"font-weight: 400;\">This Privacy Policy provides information on the processing of personal data of visitors to the website operated by Baja Tourism Nonprofit Ltd. (hereinafter referred to as the \"Data Controller\") and users applying for a city card.<\/span><\/p><ol><li><span style=\"font-weight: 400;\"> Details of the operator<\/span><\/li><\/ol><p><span style=\"font-weight: 400;\">Company name: Bajai Turisztikai Nonprofit Kort\u00e1tolt Felel\u0151ss\u00e9g\u0171 T\u00e1rsas\u00e1g<\/span><\/p><p><span style=\"font-weight: 400;\">Headquarters: 6500 Baja, Szenth\u00e1roms\u00e1g t\u00e9r 11.<\/span><\/p><p><span style=\"font-weight: 400;\">Company registration number: 03 09 125234<\/span><\/p><p><span style=\"font-weight: 400;\">Tax number: 24119566-2-03<\/span><\/p><p><span style=\"font-weight: 400;\">E-mail: iroda@bajaiturizmus.hu<\/span><\/p><p><span style=\"font-weight: 400;\">Website:\u00a0<\/span><\/p><ol start=\"2\"><li><span style=\"font-weight: 400;\"> Description of the service<\/span><\/li><\/ol><p><span style=\"font-weight: 400;\">Through the website, users can apply for a free digital city card, which entitles them to discounts at participating partners (e.g. restaurants, cultural institutions, service providers, etc.).<\/span><\/p><ol start=\"3\"><li><span style=\"font-weight: 400;\"> Conditions for applying for a city card<\/span><\/li><\/ol><p><span style=\"font-weight: 400;\">There is no fee to apply for a city card. It is valid for 1 week from the date of activation. It can be reapplied after expiry. You can apply for several cards from one e-mail address.<\/span><\/p><p><span style=\"font-weight: 400;\">A valid e-mail address is required to apply.<\/span><\/p><p><span style=\"font-weight: 400;\">The card will be issued in digital format only and will be sent to the e-mail address provided.<\/span><\/p><p><span style=\"font-weight: 400;\">The card is personal and not transferable to a third party.<\/span><\/p><ol start=\"4\"><li><span style=\"font-weight: 400;\"> Using the city card<\/span><\/li><\/ol><p><span style=\"font-weight: 400;\">The city card is activated at the first user location after using a paid service. Afterwards, the card can be used to obtain the discounts defined for the other partners. The number of acceptance points is constantly growing.<\/span><\/p><p><span style=\"font-weight: 400;\">The current list of acceptance points and the range of discounts is available on the website.<\/span><\/p><p><span style=\"font-weight: 400;\">The exact content of the discounts is determined and modified by each partner at its own discretion.<\/span><\/p><ol start=\"5\"><li><span style=\"font-weight: 400;\"> Validity<\/span><\/li><\/ol><p><span style=\"font-weight: 400;\">The city card is currently valid for 1 week from activation. You can reapply after expiry.<\/span><\/p><p><span style=\"font-weight: 400;\">The provider reserves the right to modify or terminate the card scheme.<\/span><\/p><ol start=\"6\"><li><span style=\"font-weight: 400;\"> Exclusion of liability<\/span><\/li><\/ol><p><span style=\"font-weight: 400;\">The provider is not responsible for the discounts offered by partners, their availability or quality.<\/span><\/p><p><span style=\"font-weight: 400;\">The information on this website is for information purposes only and is subject to change without notice.<\/span><\/p><ol start=\"7\"><li><span style=\"font-weight: 400;\"> Data management<\/span><\/li><\/ol><p><span style=\"font-weight: 400;\">The processing is carried out in accordance with the current Privacy Policy, which is available on the website. The user accepts the terms and conditions of data processing by submitting an application.<\/span><\/p><p><span style=\"font-weight: 400;\">We process the following personal data when you apply for a city card:<\/span><\/p><p><span style=\"font-weight: 400;\">Name (if provided)<\/span><\/p><p><span style=\"font-weight: 400;\">E-mail address (required)<\/span><\/p><p><span style=\"font-weight: 400;\">Date of claim<\/span><\/p><p><span style=\"font-weight: 400;\">IP address (for technical logging)<\/span><\/p><p><span style=\"font-weight: 400;\">The processing is based on the voluntary consent of the user (Article 6(1)(a) GDPR).<\/span><\/p><p><span style=\"font-weight: 400;\">Personal data will be processed until the user requests their deletion, but not until the consent is withdrawn. At the user's request, the data will be deleted without undue delay.<\/span><\/p><ol start=\"8\"><li><span style=\"font-weight: 400;\"> . Cookies (cookies)<\/span><\/li><\/ol><p><span style=\"font-weight: 400;\">The website may use cookies that are technically necessary for its operation. They do not collect any personal data and are used for operational and statistical purposes only. A detailed cookie policy can be found in a separate document, if applicable.<\/span><\/p><ol start=\"9\"><li><span style=\"font-weight: 400;\"> Amendment<\/span><\/li><\/ol><p><span style=\"font-weight: 400;\">The GTC may be amended unilaterally at any time. Amendments will enter into force on the date of publication on the website.<\/span><\/p><ol start=\"10\"><li><span style=\"font-weight: 400;\"> Litigation<\/span><\/li><\/ol><p><span style=\"font-weight: 400;\">These GTC shall be governed by Hungarian law. In the event of a dispute, the parties shall attempt to settle the dispute amicably, failing which the dispute shall be settled before the competent court.<\/span><\/p>\t\t\t\t\t\t\t\t<\/div>\n\t\t\t\t<\/div>\n\t\t\t\t<\/div>\n\t\t\t\t\t<\/div>\n\t\t\t\t<\/div>\n\t\t\t\t<\/div>","protected":false},"excerpt":{"rendered":"<p>\u00c1ltal\u00e1nos szerz\u0151d\u00e9si felt\u00e9telek Hat\u00e1lyos: 2025. augusztus 1-t\u0151 Ez az adatkezel\u00e9si t\u00e1j\u00e9koztat\u00f3 a Bajai Turisztikai Nonprofit Kft. (a tov\u00e1bbiakban: Adatkezel\u0151) \u00e1ltal \u00fczemeltetett weboldal l\u00e1togat\u00f3i \u00e9s a v\u00e1rosk\u00e1rty\u00e1t ig\u00e9nyl\u0151 felhaszn\u00e1l\u00f3k szem\u00e9lyes adatainak kezel\u00e9s\u00e9r\u0151l ny\u00fajt t\u00e1j\u00e9koztat\u00e1st. Az \u00fczemeltet\u0151 adatai C\u00e9gn\u00e9v: Bajai Turisztikai Nonprofit Kort\u00e1tolt Felel\u0151ss\u00e9g\u0171 T\u00e1rsas\u00e1g Sz\u00e9khely: 6500 Baja, Szenth\u00e1roms\u00e1g t\u00e9r 11. C\u00e9gjegyz\u00e9ksz\u00e1m: 03 09 125234 Ad\u00f3sz\u00e1m: 24119566-2-03 [&hellip;]<\/p>","protected":false},"author":1,"featured_media":0,"parent":0,"menu_order":0,"comment_status":"closed","ping_status":"closed","template":"","meta":{"footnotes":""},"class_list":["post-1419","page","type-page","status-publish","hentry"],"_links":{"self":[{"href":"https:\/\/bajakartya.hu\/en\/wp-json\/wp\/v2\/pages\/1419","targetHints":{"allow":["GET"]}}],"collection":[{"href":"https:\/\/bajakartya.hu\/en\/wp-json\/wp\/v2\/pages"}],"about":[{"href":"https:\/\/bajakartya.hu\/en\/wp-json\/wp\/v2\/types\/page"}],"author":[{"embeddable":true,"href":"https:\/\/bajakartya.hu\/en\/wp-json\/wp\/v2\/users\/1"}],"replies":[{"embeddable":true,"href":"https:\/\/bajakartya.hu\/en\/wp-json\/wp\/v2\/comments?post=1419"}],"version-history":[{"count":13,"href":"https:\/\/bajakartya.hu\/en\/wp-json\/wp\/v2\/pages\/1419\/revisions"}],"predecessor-version":[{"id":1798,"href":"https:\/\/bajakartya.hu\/en\/wp-json\/wp\/v2\/pages\/1419\/revisions\/1798"}],"wp:attachment":[{"href":"https:\/\/bajakartya.hu\/en\/wp-json\/wp\/v2\/media?parent=1419"}],"curies":[{"name":"wp","href":"https:\/\/api.w.org\/{rel}","templated":true}]}}