{"id":1411,"date":"2025-05-09T11:13:18","date_gmt":"2025-05-09T09:13:18","guid":{"rendered":"https:\/\/bajakartya.hu\/?page_id=1411"},"modified":"2025-05-09T11:15:47","modified_gmt":"2025-05-09T09:15:47","slug":"adatvedelmi-tajekoztato","status":"publish","type":"page","link":"https:\/\/bajakartya.hu\/en\/adatvedelmi-tajekoztato\/","title":{"rendered":"Data protection information"},"content":{"rendered":"<div data-elementor-type=\"wp-page\" data-elementor-id=\"1411\" class=\"elementor elementor-1411\" data-elementor-post-type=\"page\">\n\t\t\t\t<div class=\"elementor-element elementor-element-c2767c6 e-flex e-con-boxed e-con e-parent\" data-id=\"c2767c6\" data-element_type=\"container\" data-settings=\"{&quot;background_background&quot;:&quot;classic&quot;}\">\n\t\t\t\t\t<div class=\"e-con-inner\">\n\t\t<div class=\"elementor-element elementor-element-fd6410c e-con-full e-flex e-con e-child\" data-id=\"fd6410c\" data-element_type=\"container\">\n\t\t\t\t<div class=\"elementor-element elementor-element-c46dfbf elementor-widget elementor-widget-heading\" data-id=\"c46dfbf\" data-element_type=\"widget\" data-widget_type=\"heading.default\">\n\t\t\t\t<div class=\"elementor-widget-container\">\n\t\t\t\t\t<h1 class=\"elementor-heading-title elementor-size-default\">Data protection information<\/h1>\t\t\t\t<\/div>\n\t\t\t\t<\/div>\n\t\t\t\t<div class=\"elementor-element elementor-element-5f33b4c elementor-widget elementor-widget-text-editor\" data-id=\"5f33b4c\" data-element_type=\"widget\" data-widget_type=\"text-editor.default\">\n\t\t\t\t<div class=\"elementor-widget-container\">\n\t\t\t\t\t\t\t\t\t<ol><li><span style=\"font-weight: 400;\"> POWER<\/span><\/li><\/ol><p><span style=\"font-weight: 400;\">This Privacy Policy covers all personal information that Bajai Turisztikai NKft. collects and uses about you when you visit our website, use our app, attend one of our events or other services, or otherwise purchase products from us. Personal data is information that allows us to identify you as an individual, as described in the \"Personal data we process\" section below.<\/span><\/p><ol start=\"2\"><li><span style=\"font-weight: 400;\"> THE PERSONAL DATA WE PROCESS ABOUT YOU<\/span><\/li><\/ol><p><span style=\"font-weight: 400;\">Depending on the services you use or products you purchase, the personal data collected and processed from you may include:<\/span><\/p><p><b>Your contact details, such as name, email address.<\/b><\/p><p><span style=\"font-weight: 400;\">Your account details and (electronic) identification details, such as your IP or MAC address, including any details you add to your account (including your username, password, date of birth, interests).<\/span><\/p><p><span style=\"font-weight: 400;\">Information about your use of our online Services or Apps, such as the websites you visit, the products and services you are interested in, the contents of your shopping cart.<\/span><\/p><p><span style=\"font-weight: 400;\">The content of your communications with us, such as when you contact us by email, telephone or other means.<\/span><\/p><ol start=\"3\"><li><span style=\"font-weight: 400;\"> THE PURPOSE AND LEGAL BASIS FOR PROCESSING YOUR PERSONAL DATA<\/span><\/li><\/ol><p><span style=\"font-weight: 400;\">Bajai Turisztikai NKft. collects and uses your personal data for the purposes set out below, based on the legal basis. If Bajai Turisztikai NKft. already has your personal data, we will use these personal data for the same purposes and on the same legal basis.<\/span><\/p><p><span style=\"font-weight: 400;\">Required to complete a card application.<\/span><\/p><p><span style=\"font-weight: 400;\">We collect and process your personal data in order to process your request to purchase Products and provide Services. In addition, we process your personal data to deal with any requests, complaints or queries you may have.<\/span><\/p><p><span style=\"font-weight: 400;\">Necessary to represent the legitimate interests of Baja Tourism NKft.<\/span><\/p><p><span style=\"font-weight: 400;\">We may use the personal information described above to improve our products and services and to better understand and target our visitors and contacts, both in the aggregate and on an individual basis. This means that we analyse your use of our products and services and use this information to improve our products and services and to provide you with a better user experience (for example, we analyse which web pages you visit on our website and which products and services you use, which allows us to create personal profiles and to assess what you may be interested in and what recommendations we can make when you use our services).<\/span><\/p><p><span style=\"font-weight: 400;\">By permission.<\/span><\/p><p><span style=\"font-weight: 400;\">To the extent necessary, we ask for your consent to keep you informed of news or promotions about our products and services. You can withdraw your consent at any time. We set out below how to do this.<\/span><\/p><p><span style=\"font-weight: 400;\">Necessary to comply with a legal obligation.<\/span><\/p><p><span style=\"font-weight: 400;\">We may use your personal information to comply with applicable laws, to respond to requests from public authorities and government agencies, or to cooperate with law enforcement agencies.<\/span><\/p><ol start=\"4\"><li><span style=\"font-weight: 400;\"> USE OF COOKIES<\/span><\/li><\/ol><p><span style=\"font-weight: 400;\">Our website and applications use cookies to improve usability, efficiency, security and marketing. Cookies are small text files on your computer that are stored by your browser. For more information and the cookies used by the Istv\u00e1n T\u00fcrr Museum, please see our Cookie Policy .<\/span><\/p><ol start=\"5\"><li><span style=\"font-weight: 400;\"> WHO RECEIVES YOUR PERSONAL DATA?<\/span><\/li><\/ol><p><span style=\"font-weight: 400;\">Your personal data may only be accessed by authorised employees of Bajai Turisztikai NKft., if this is necessary for the performance of their duties at Bajai Turisztikai NKft.<\/span><\/p><p><span style=\"font-weight: 400;\">We will not disclose the personal data you provide to us to third parties without your explicit prior consent, except as necessary for the purposes described in section 3. For example, we may transfer your personal data to suppliers\/service providers. Service providers for the performance of contracts we enter into with you, such as processing payments. In addition, we may disclose your personal data to public authorities in order to comply with applicable legal obligations.<\/span><\/p><ol start=\"6\"><li><span style=\"font-weight: 400;\"> THE TRANSFER OF YOUR PERSONAL DATA<\/span><\/li><\/ol><p><span style=\"font-weight: 400;\">Unless otherwise stated, your personal data will be processed and stored in the European Union. Our service providers may transfer your personal data outside the European Economic Area to a country that does not offer the same level of protection under European law as the country where you normally use our products and\/or services. We will then take the necessary steps to ensure that your personal data is adequately protected, for example by entering into EU standard contracts with parties outside the EEA.<\/span><\/p><ol start=\"7\"><li><span style=\"font-weight: 400;\"> SECURITY<\/span><\/li><\/ol><p><span style=\"font-weight: 400;\">We take appropriate and reasonable security measures to protect your personal information from unauthorized access, alteration, disclosure, loss or misuse and to protect the accuracy and integrity of your personal information. We take technical and organisational measures, including security of access to our systems, to ensure a level of security appropriate to the risk.<\/span><\/p><ol start=\"8\"><li><span style=\"font-weight: 400;\"> HOW LONG DO WE KEEP YOUR PERSONAL DATA?<\/span><\/li><\/ol><p><span style=\"font-weight: 400;\">We will retain your Personal Data for as long as necessary or permitted having regard to the purpose for which it was obtained and as set out in this Privacy Policy. The criteria we use to determine our retention period are (i) the period of time during which we have a continuing relationship with you; (ii) whether we have a legal obligation to you; and (iii) whether retention is desirable in light of our legal position (for example, in connection with the enforcement of conditions, litigation or legal investigations).<\/span><\/p><ol start=\"9\"><li><span style=\"font-weight: 400;\"> WHAT RIGHTS DO YOU HAVE IN RELATION TO YOUR PERSONAL DATA AND HOW CAN YOU EXERCISE THESE RIGHTS?<\/span><\/li><\/ol><p><span style=\"font-weight: 400;\">You have various rights in relation to your personal data under applicable laws and regulations, including:<\/span><\/p><p><span style=\"font-weight: 400;\">Right of access. Upon request, we will provide you with information about the personal data we process about you free of charge.<\/span><\/p><p><span style=\"font-weight: 400;\">Right of rectification. At your request, we will correct, amend, block or delete your personal data if it is factually inaccurate, incomplete or irrelevant to the purpose or purposes of the processing or otherwise processed in a way that is in breach of any legal provision. Withdraw your consent. You may withdraw your consent to the further processing of your personal data at any time.<\/span><\/p><p><span style=\"font-weight: 400;\">Right to object. You have the right to object to the processing of your personal data for marketing purposes.<\/span><\/p><p><span style=\"font-weight: 400;\">Right to restriction. You have the right to request Bajai Turisztikai NKft to restrict the processing of your personal data. This means that your personal data will not be (temporarily) processed and cannot be modified.<\/span><\/p><p><span style=\"font-weight: 400;\">Right of cancellation. Where applicable, your personal data will be deleted without undue delay (right to be forgotten).<\/span><\/p><p><span style=\"font-weight: 400;\">Right to object. Where applicable, you have the right to object to the processing of your personal data, including on the basis of the \"legitimate interest\" of Bajai Turisztikai NKft.<\/span><\/p><p><span style=\"font-weight: 400;\">Right to data portability. Where applicable, we will provide you with an overview of the personal data you have provided to us so that we can transfer this data to another controller, where technically feasible (data portability).<\/span><\/p><p><span style=\"font-weight: 400;\">Right to complain. Finally, you have the right to lodge a complaint with the supervisory authority if you believe that the processing of your personal data violates this Privacy Statement.<\/span><\/p><p><span style=\"font-weight: 400;\">If you wish to exercise any of your rights, you can contact us using the contact details provided below.<\/span><\/p><ol start=\"10\"><li><span style=\"font-weight: 400;\"> AVAILABILITIES<\/span><\/li><\/ol><p><span style=\"font-weight: 400;\">If you have any questions about this Privacy Policy, the way your personal data is handled, or if you wish to exercise any of the above rights, please contact Bajai Turisztikai NKft:<\/span><\/p><p><span style=\"font-weight: 400;\">Bajai Tourism Nonprofit Limited Liability Company<\/span><\/p><p><span style=\"font-weight: 400;\">6500 Baja, Szenth\u00e1roms\u00e1g t\u00e9r 11.<\/span><\/p><p><span style=\"font-weight: 400;\">+36 79\u00a0420 792<\/span><\/p><p><span style=\"font-weight: 400;\">iroda@bajaiturizmus.hu<\/span><\/p><p><span style=\"font-weight: 400;\">This Privacy Policy will be updated from time to time. This Privacy Policy became effective in 2018.\u00a0<\/span><\/p>\t\t\t\t\t\t\t\t<\/div>\n\t\t\t\t<\/div>\n\t\t\t\t<\/div>\n\t\t\t\t\t<\/div>\n\t\t\t\t<\/div>\n\t\t\t\t<\/div>","protected":false},"excerpt":{"rendered":"<p>Adatv\u00e9delmi t\u00e1j\u00e9koztat\u00f3 HAT\u00c1LY Jelen Adatv\u00e9delmi szab\u00e1lyzat kiterjed minden olyan szem\u00e9lyes adatra, amelyet a Bajai Turisztikai NKft. gy\u0171jt \u00e9s haszn\u00e1l \u00d6nr\u0151l, amikor felkeresi weboldalunkat, alkalmaz\u00e1sunkat, r\u00e9szt vesz valamelyik rendezv\u00e9ny\u00fcnk\u00f6n, vagy egy\u00e9b szolg\u00e1ltat\u00e1saink ig\u00e9nybev\u00e9tele eset\u00e9n, vagy egy\u00e9b m\u00f3don v\u00e1s\u00e1rol t\u0151l\u00fcnk term\u00e9keket. A szem\u00e9lyes adatok olyan inform\u00e1ci\u00f3k, amelyek lehet\u0151v\u00e9 teszik sz\u00e1munkra, hogy mag\u00e1nszem\u00e9lyk\u00e9nt azonos\u00edtsuk \u00d6nt, az al\u00e1bbiakban \u201eAz [&hellip;]<\/p>","protected":false},"author":1,"featured_media":0,"parent":0,"menu_order":0,"comment_status":"closed","ping_status":"closed","template":"","meta":{"footnotes":""},"class_list":["post-1411","page","type-page","status-publish","hentry"],"_links":{"self":[{"href":"https:\/\/bajakartya.hu\/en\/wp-json\/wp\/v2\/pages\/1411","targetHints":{"allow":["GET"]}}],"collection":[{"href":"https:\/\/bajakartya.hu\/en\/wp-json\/wp\/v2\/pages"}],"about":[{"href":"https:\/\/bajakartya.hu\/en\/wp-json\/wp\/v2\/types\/page"}],"author":[{"embeddable":true,"href":"https:\/\/bajakartya.hu\/en\/wp-json\/wp\/v2\/users\/1"}],"replies":[{"embeddable":true,"href":"https:\/\/bajakartya.hu\/en\/wp-json\/wp\/v2\/comments?post=1411"}],"version-history":[{"count":7,"href":"https:\/\/bajakartya.hu\/en\/wp-json\/wp\/v2\/pages\/1411\/revisions"}],"predecessor-version":[{"id":1418,"href":"https:\/\/bajakartya.hu\/en\/wp-json\/wp\/v2\/pages\/1411\/revisions\/1418"}],"wp:attachment":[{"href":"https:\/\/bajakartya.hu\/en\/wp-json\/wp\/v2\/media?parent=1411"}],"curies":[{"name":"wp","href":"https:\/\/api.w.org\/{rel}","templated":true}]}}