{"id":1405,"date":"2025-05-09T11:09:04","date_gmt":"2025-05-09T09:09:04","guid":{"rendered":"https:\/\/bajakartya.hu\/?page_id=1405"},"modified":"2025-05-09T11:12:28","modified_gmt":"2025-05-09T09:12:28","slug":"impresszum","status":"publish","type":"page","link":"https:\/\/bajakartya.hu\/en\/impresszum\/","title":{"rendered":"masthead"},"content":{"rendered":"<div data-elementor-type=\"wp-page\" data-elementor-id=\"1405\" class=\"elementor elementor-1405\" data-elementor-post-type=\"page\">\n\t\t\t\t<div class=\"elementor-element elementor-element-40a2aa4 e-flex e-con-boxed e-con e-parent\" data-id=\"40a2aa4\" data-element_type=\"container\" data-settings=\"{&quot;background_background&quot;:&quot;classic&quot;}\">\n\t\t\t\t\t<div class=\"e-con-inner\">\n\t\t<div class=\"elementor-element elementor-element-fd184a5 e-con-full e-flex e-con e-child\" data-id=\"fd184a5\" data-element_type=\"container\">\n\t\t\t\t<div class=\"elementor-element elementor-element-d231e8b elementor-widget elementor-widget-heading\" data-id=\"d231e8b\" data-element_type=\"widget\" data-widget_type=\"heading.default\">\n\t\t\t\t<div class=\"elementor-widget-container\">\n\t\t\t\t\t<h1 class=\"elementor-heading-title elementor-size-default\">masthead<\/h1>\t\t\t\t<\/div>\n\t\t\t\t<\/div>\n\t\t\t\t<div class=\"elementor-element elementor-element-635d850 elementor-widget elementor-widget-text-editor\" data-id=\"635d850\" data-element_type=\"widget\" data-widget_type=\"text-editor.default\">\n\t\t\t\t<div class=\"elementor-widget-container\">\n\t\t\t\t\t\t\t\t\t<p><span style=\"font-weight: 400;\">Name of the service provider: <\/span><b>Bajai Tourism Nonprofit Limited Liability Company<\/b><\/p><p><span style=\"font-weight: 400;\">The service provider is located at 6500 Baja, Szenth\u00e1roms\u00e1g t\u00e9r 11.<\/span><\/p><p><span style=\"font-weight: 400;\">\u00a0Service provider's premises: 6500 Baja, M\u00e1rcius 15. s\u00e9t\u00e1ny 5.<\/span><\/p><p><span style=\"font-weight: 400;\">E-mail address of the service provider: <\/span><b>iroda@bajaiturizmu.hu<\/b><\/p><p><span style=\"font-weight: 400;\">Authority registering the service provider: the Company Court of the Kecskem\u00e9t General Court\u00a0<\/span><\/p><p><span style=\"font-weight: 400;\">Company registration number of the service provider: 03 09 125234<\/span><\/p><p><span style=\"font-weight: 400;\">Provider's tax number: 24119566-2-03<\/span><\/p><p><span style=\"font-weight: 400;\">Company form: limited liability company<\/span><\/p><p><span style=\"font-weight: 400;\">Registered: 2012\/09\/13<\/span><\/p><p><span style=\"font-weight: 400;\">Other websites of the provider: <\/span><b>www.visitbaja.hu, www.bajaiturizmus.hu,<\/b><span style=\"font-weight: 400;\">\u00a0\u00a0<\/span><\/p><p><span style=\"font-weight: 400;\">A professional representative body of which the service provider is a member:<\/span><\/p><p><span style=\"font-weight: 400;\">B\u00e1cs-Kiskun County Chamber of Commerce and Industry<\/span><\/p><p>\u00a0<\/p><p><span style=\"font-weight: 400;\">The hosting provider:<\/span><\/p><p><span style=\"font-weight: 400;\">Operator: Rackhost Zrt.<\/span><\/p><p><span style=\"font-weight: 400;\">The hosting provider is located at 6722 Szeged, Tisza Lajos k\u00f6r\u00fat 41.<\/span><\/p><p><span style=\"font-weight: 400;\">The email address of the hosting provider: <\/span><a href=\"mailto:info@rackhost.hu\"><span style=\"font-weight: 400;\">info@rackhost.hu<\/span><\/a><\/p><p><span style=\"font-weight: 400;\">Tax number: 25333572-2-06<\/span><\/p><p><span style=\"font-weight: 400;\">Customer service: +36 1 445 1200<\/span><\/p><p>\u00a0<\/p><p><span style=\"font-weight: 400;\">Your comments on the website can be sent to <\/span><a href=\"about:blank\"><span style=\"font-weight: 400;\">iroda@bajaiturizmus.h<\/span><\/a><span style=\"font-weight: 400;\"> or the <\/span><a href=\"mailto:baja@tourinform.hu\"><span style=\"font-weight: 400;\">baja@tourinform.hu<\/span><\/a><span style=\"font-weight: 400;\"> You can send it to.<\/span><\/p>\t\t\t\t\t\t\t\t<\/div>\n\t\t\t\t<\/div>\n\t\t\t\t<\/div>\n\t\t\t\t\t<\/div>\n\t\t\t\t<\/div>\n\t\t\t\t<\/div>","protected":false},"excerpt":{"rendered":"<p>Impresszum A szolg\u00e1ltat\u00f3 neve: Bajai Turisztikai Nonprofit Korl\u00e1tolt Felel\u0151ss\u00e9g\u0171 T\u00e1rsas\u00e1g A szolg\u00e1ltat\u00f3 sz\u00e9khelye: 6500 Baja, Szenth\u00e1roms\u00e1g t\u00e9r 11. \u00a0A szolg\u00e1ltat\u00f3 telephelye: 6500 Baja, M\u00e1rcius 15. s\u00e9t\u00e1ny 5. A szolg\u00e1ltat\u00f3 elektronikus levelez\u00e9si c\u00edme: iroda@bajaiturizmu.hu A szolg\u00e1ltat\u00f3t nyilv\u00e1ntart\u00e1sba bejegyz\u0151 hat\u00f3s\u00e1g: Kecskem\u00e9ti T\u00f6rv\u00e9nysz\u00e9k C\u00e9gb\u00edr\u00f3s\u00e1ga\u00a0 A szolg\u00e1ltat\u00f3 c\u00e9gjegyz\u00e9k sz\u00e1m: 03 09 125234 A szolg\u00e1ltat\u00f3 ad\u00f3sz\u00e1ma: 24119566-2-03 C\u00e9gforma: Korl\u00e1tolt Felel\u0151ss\u00e9g\u0171 [&hellip;]<\/p>","protected":false},"author":1,"featured_media":0,"parent":0,"menu_order":0,"comment_status":"closed","ping_status":"closed","template":"","meta":{"footnotes":""},"class_list":["post-1405","page","type-page","status-publish","hentry"],"_links":{"self":[{"href":"https:\/\/bajakartya.hu\/en\/wp-json\/wp\/v2\/pages\/1405","targetHints":{"allow":["GET"]}}],"collection":[{"href":"https:\/\/bajakartya.hu\/en\/wp-json\/wp\/v2\/pages"}],"about":[{"href":"https:\/\/bajakartya.hu\/en\/wp-json\/wp\/v2\/types\/page"}],"author":[{"embeddable":true,"href":"https:\/\/bajakartya.hu\/en\/wp-json\/wp\/v2\/users\/1"}],"replies":[{"embeddable":true,"href":"https:\/\/bajakartya.hu\/en\/wp-json\/wp\/v2\/comments?post=1405"}],"version-history":[{"count":4,"href":"https:\/\/bajakartya.hu\/en\/wp-json\/wp\/v2\/pages\/1405\/revisions"}],"predecessor-version":[{"id":1409,"href":"https:\/\/bajakartya.hu\/en\/wp-json\/wp\/v2\/pages\/1405\/revisions\/1409"}],"wp:attachment":[{"href":"https:\/\/bajakartya.hu\/en\/wp-json\/wp\/v2\/media?parent=1405"}],"curies":[{"name":"wp","href":"https:\/\/api.w.org\/{rel}","templated":true}]}}